{"id":16482,"date":"2026-02-27T22:26:44","date_gmt":"2026-02-27T21:26:44","guid":{"rendered":"https:\/\/www.haarstudio-alena.de\/?post_type=product&#038;p=16482"},"modified":"2026-04-11T21:48:07","modified_gmt":"2026-04-11T19:48:07","slug":"molecular-shampoo-molecular-conditioner-650-ml-650-ml","status":"publish","type":"product","link":"https:\/\/www.haarstudio-alena.de\/ru\/produkt\/molecular-shampoo-molecular-conditioner-650-ml-650-ml\/","title":{"rendered":"MOLECULAR SHAMPOO + MOLECULAR CONDITIONER \u2013 650 ML + 650 ML"},"content":{"rendered":"<p>MAVE EXPERT MOLECULAR SHAMPOO-Sulfatfreies, kl\u00e4rendes Shompoo entfernt Ablogerungen und versorgt das Haar mit Feuchtigkeit. Perfekt f\u00fcr alle, die ihr Haor regelm\u00f6dig f\u00e4rben, gi\u00e4tten, doverwellen oder mit Hitze stylen sowie f\u00fcr krouses, lockiges oder gewelites Hoar<\/p>\n<p>MAVE EXPERT MOLECULAR CONDITIONER-kr\u00e4ftigender Conditioner, der das Hoor entwirrt und ihm Feuchtigkeit zur\u00fcckgibt, ohne es zu beschweren Perfekt f\u00fcr alle, die ihr Hoor regelm\u00e4llig f\u00f6rben, gl\u00e4tten oder douerwellen lossen, sowie f\u00fcr krouses, lockiges und welliges Hoor.<\/p>\n<p>Bereiten Sie die Kopfhout auf die Pflege vor, indem Sie sie mit einem Mesoroller stimulieren oder sanft an den Hoorwurzeln ziehen. Trogen Sie MAVE ORGANIC OIL entlang des Scheitels auf und massieren Sie es 5-10 Minuten ein. Lassen Sie das \u00d6l f\u00fcr eine intensive Wirkung 1-2 Stunden einwirken, Je l\u00e4nger, desto besser, Waschen Sie das Ol mit MAVE EXPERT MOLECULAR SHAMPOO gr\u00fcndlich aus, w\u00e4hrend Sie die Kopfhout aktiv massieren, um die Durchblutung zu f\u00f6rdern. Geben Sie 2-3 Tropfen MAVE MOLECULAR OIL in den MAVE EXPERT MOLECULAR CONDITIONER, trogen Sie die Mischung auf das gesamte Hoar auf und lassen Sie sie 5-10 Minuten einwirken. Danach gr\u00fcndlich aussp\u00fclen. Abschlie\u00dfend vertellen Sie eine kleine Menge MAVE MOLECULAR OIL auf die trockenen Spitzen, um sie zu pflegen<\/p>\n<p><strong>INHALTSSTOFFE:<\/strong> Wasser, Jamaikanisches schwarzes Rizinus\u00f6l, Sheabutter, Kokos\u00f6l, Behentrimoniumchlorid, Hydroxyethylcellulose, Panthenol, Pfefferminze, Macadamia-\u00d6l, Jojoba-\u00d6l, Aloe-Extrakt, hydrolysiertes Reisprotein, Apfelessig, Niacin, Caprylhydroxams\u00e4ure, Caprylylglykol.<\/p>\n","protected":false},"excerpt":{"rendered":"<p>Sulfatfrei, feuchtigkeitsspendend, f\u00fcr gef\u00e4rbtes und strapaziertes Haar geeignet.<\/p>\n","protected":false},"featured_media":16628,"comment_status":"closed","ping_status":"closed","template":"","meta":{"_joinchat":[]},"product_brand":[253],"product_cat":[80,70],"product_tag":[],"class_list":{"0":"post-16482","1":"product","2":"type-product","3":"status-publish","4":"has-post-thumbnail","6":"product_brand-mave","7":"product_cat-conditioner","8":"product_cat-shampoo","10":"first","11":"instock","12":"taxable","13":"shipping-taxable","14":"purchasable","15":"product-type-simple"},"yoast_head":"<!-- This site is optimized with the Yoast SEO plugin v26.9 - https:\/\/yoast.com\/product\/yoast-seo-wordpress\/ -->\n<title>MOLECULAR SHAMPOO + MOLECULAR CONDITIONER \u2013 650 ML + 650 ML - Haarstudio Alena<\/title>\n<meta name=\"description\" content=\"Verw\u00f6hnen Sie Ihr Haar mit unserem MOLECULAR SHAMPOO + MOLECULAR CONDITIONER \u2013 650 ML + 650 ML \u2013 f\u00fcr seidige Geschmeidigkeit und strahlenden Glanz. Perfekte Pflege f\u00fcr jeden Haartyp.\" \/>\n<meta name=\"robots\" content=\"index, follow, max-snippet:-1, max-image-preview:large, max-video-preview:-1\" \/>\n<link rel=\"canonical\" href=\"https:\/\/www.haarstudio-alena.de\/ru\/produkt\/molecular-shampoo-molecular-conditioner-650-ml-650-ml\/\" \/>\n<meta property=\"og:locale\" content=\"ru_RU\" \/>\n<meta property=\"og:type\" content=\"article\" \/>\n<meta property=\"og:title\" content=\"MOLECULAR SHAMPOO + MOLECULAR CONDITIONER \u2013 650 ML + 650 ML - Haarstudio Alena\" \/>\n<meta property=\"og:description\" content=\"Verw\u00f6hnen Sie Ihr Haar mit unserem MOLECULAR SHAMPOO + MOLECULAR CONDITIONER \u2013 650 ML + 650 ML \u2013 f\u00fcr seidige Geschmeidigkeit und strahlenden Glanz. Perfekte Pflege f\u00fcr jeden Haartyp.\" \/>\n<meta property=\"og:url\" content=\"https:\/\/www.haarstudio-alena.de\/ru\/produkt\/molecular-shampoo-molecular-conditioner-650-ml-650-ml\/\" \/>\n<meta property=\"og:site_name\" content=\"Haarstudio Alena\" \/>\n<meta property=\"article:publisher\" content=\"https:\/\/www.facebook.com\/haarstudioalena\/?locale=de_DE\" \/>\n<meta property=\"article:modified_time\" content=\"2026-04-11T19:48:07+00:00\" \/>\n<meta property=\"og:image\" content=\"https:\/\/www.haarstudio-alena.de\/wp-content\/uploads\/2026\/03\/IMG_9825-scaled.jpg\" \/>\n\t<meta property=\"og:image:width\" content=\"1707\" \/>\n\t<meta property=\"og:image:height\" content=\"2560\" \/>\n\t<meta property=\"og:image:type\" content=\"image\/jpeg\" \/>\n<meta name=\"twitter:card\" content=\"summary_large_image\" \/>\n<meta name=\"twitter:label1\" content=\"\u041f\u0440\u0438\u043c\u0435\u0440\u043d\u043e\u0435 \u0432\u0440\u0435\u043c\u044f \u0434\u043b\u044f \u0447\u0442\u0435\u043d\u0438\u044f\" \/>\n\t<meta name=\"twitter:data1\" content=\"2 \u043c\u0438\u043d\u0443\u0442\u044b\" \/>\n<script type=\"application\/ld+json\" class=\"yoast-schema-graph\">{\"@context\":\"https:\/\/schema.org\",\"@graph\":[{\"@type\":\"WebPage\",\"@id\":\"https:\/\/www.haarstudio-alena.de\/ru\/produkt\/molecular-shampoo-molecular-conditioner-650-ml-650-ml\/\",\"url\":\"https:\/\/www.haarstudio-alena.de\/ru\/produkt\/molecular-shampoo-molecular-conditioner-650-ml-650-ml\/\",\"name\":\"MOLECULAR SHAMPOO + MOLECULAR CONDITIONER \u2013 650 ML + 650 ML - Haarstudio Alena\",\"isPartOf\":{\"@id\":\"https:\/\/www.haarstudio-alena.de\/ru\/#website\"},\"primaryImageOfPage\":{\"@id\":\"https:\/\/www.haarstudio-alena.de\/ru\/produkt\/molecular-shampoo-molecular-conditioner-650-ml-650-ml\/#primaryimage\"},\"image\":{\"@id\":\"https:\/\/www.haarstudio-alena.de\/ru\/produkt\/molecular-shampoo-molecular-conditioner-650-ml-650-ml\/#primaryimage\"},\"thumbnailUrl\":\"https:\/\/www.haarstudio-alena.de\/wp-content\/uploads\/2026\/03\/IMG_9825-scaled.jpg\",\"datePublished\":\"2026-02-27T21:26:44+00:00\",\"dateModified\":\"2026-04-11T19:48:07+00:00\",\"description\":\"Verw\u00f6hnen Sie Ihr Haar mit unserem MOLECULAR SHAMPOO + MOLECULAR CONDITIONER \u2013 650 ML + 650 ML \u2013 f\u00fcr seidige Geschmeidigkeit und strahlenden Glanz. Perfekte Pflege f\u00fcr jeden Haartyp.\",\"breadcrumb\":{\"@id\":\"https:\/\/www.haarstudio-alena.de\/ru\/produkt\/molecular-shampoo-molecular-conditioner-650-ml-650-ml\/#breadcrumb\"},\"inLanguage\":\"ru-RU\",\"potentialAction\":[{\"@type\":\"ReadAction\",\"target\":[\"https:\/\/www.haarstudio-alena.de\/ru\/produkt\/molecular-shampoo-molecular-conditioner-650-ml-650-ml\/\"]}]},{\"@type\":\"ImageObject\",\"inLanguage\":\"ru-RU\",\"@id\":\"https:\/\/www.haarstudio-alena.de\/ru\/produkt\/molecular-shampoo-molecular-conditioner-650-ml-650-ml\/#primaryimage\",\"url\":\"https:\/\/www.haarstudio-alena.de\/wp-content\/uploads\/2026\/03\/IMG_9825-scaled.jpg\",\"contentUrl\":\"https:\/\/www.haarstudio-alena.de\/wp-content\/uploads\/2026\/03\/IMG_9825-scaled.jpg\",\"width\":1707,\"height\":2560},{\"@type\":\"BreadcrumbList\",\"@id\":\"https:\/\/www.haarstudio-alena.de\/ru\/produkt\/molecular-shampoo-molecular-conditioner-650-ml-650-ml\/#breadcrumb\",\"itemListElement\":[{\"@type\":\"ListItem\",\"position\":1,\"name\":\"Startseite\",\"item\":\"https:\/\/www.haarstudio-alena.de\/ru\/\"},{\"@type\":\"ListItem\",\"position\":2,\"name\":\"Shop\",\"item\":\"https:\/\/www.haarstudio-alena.de\/ru\/shop-2\/\"},{\"@type\":\"ListItem\",\"position\":3,\"name\":\"MOLECULAR SHAMPOO + MOLECULAR CONDITIONER \u2013 650 ML + 650 ML\"}]},{\"@type\":\"WebSite\",\"@id\":\"https:\/\/www.haarstudio-alena.de\/ru\/#website\",\"url\":\"https:\/\/www.haarstudio-alena.de\/ru\/\",\"name\":\"Haarstudio Alena\",\"description\":\"Ihr Friseur in Heidelberg Kirchheim\",\"publisher\":{\"@id\":\"https:\/\/www.haarstudio-alena.de\/ru\/#organization\"},\"potentialAction\":[{\"@type\":\"SearchAction\",\"target\":{\"@type\":\"EntryPoint\",\"urlTemplate\":\"https:\/\/www.haarstudio-alena.de\/ru\/?s={search_term_string}\"},\"query-input\":{\"@type\":\"PropertyValueSpecification\",\"valueRequired\":true,\"valueName\":\"search_term_string\"}}],\"inLanguage\":\"ru-RU\"},{\"@type\":\"Organization\",\"@id\":\"https:\/\/www.haarstudio-alena.de\/ru\/#organization\",\"name\":\"Haarstudio Alena\",\"url\":\"https:\/\/www.haarstudio-alena.de\/ru\/\",\"logo\":{\"@type\":\"ImageObject\",\"inLanguage\":\"ru-RU\",\"@id\":\"https:\/\/www.haarstudio-alena.de\/ru\/#\/schema\/logo\/image\/\",\"url\":\"https:\/\/www.haarstudio-alena.de\/wp-content\/uploads\/2023\/09\/Haarstudio-Alena-Heidelberg-Kirchheim-Friseur.png\",\"contentUrl\":\"https:\/\/www.haarstudio-alena.de\/wp-content\/uploads\/2023\/09\/Haarstudio-Alena-Heidelberg-Kirchheim-Friseur.png\",\"width\":400,\"height\":400,\"caption\":\"Haarstudio Alena\"},\"image\":{\"@id\":\"https:\/\/www.haarstudio-alena.de\/ru\/#\/schema\/logo\/image\/\"},\"sameAs\":[\"https:\/\/www.facebook.com\/haarstudioalena\/?locale=de_DE\",\"https:\/\/www.instagram.com\/haarstudioalena\/?hl=de\"]}]}<\/script>\n<!-- \/ Yoast SEO plugin. -->","yoast_head_json":{"title":"MOLECULAR SHAMPOO + MOLECULAR CONDITIONER \u2013 650 ML + 650 ML - Haarstudio Alena","description":"Verw\u00f6hnen Sie Ihr Haar mit unserem MOLECULAR SHAMPOO + MOLECULAR CONDITIONER \u2013 650 ML + 650 ML \u2013 f\u00fcr seidige Geschmeidigkeit und strahlenden Glanz. Perfekte Pflege f\u00fcr jeden Haartyp.","robots":{"index":"index","follow":"follow","max-snippet":"max-snippet:-1","max-image-preview":"max-image-preview:large","max-video-preview":"max-video-preview:-1"},"canonical":"https:\/\/www.haarstudio-alena.de\/ru\/produkt\/molecular-shampoo-molecular-conditioner-650-ml-650-ml\/","og_locale":"ru_RU","og_type":"article","og_title":"MOLECULAR SHAMPOO + MOLECULAR CONDITIONER \u2013 650 ML + 650 ML - Haarstudio Alena","og_description":"Verw\u00f6hnen Sie Ihr Haar mit unserem MOLECULAR SHAMPOO + MOLECULAR CONDITIONER \u2013 650 ML + 650 ML \u2013 f\u00fcr seidige Geschmeidigkeit und strahlenden Glanz. Perfekte Pflege f\u00fcr jeden Haartyp.","og_url":"https:\/\/www.haarstudio-alena.de\/ru\/produkt\/molecular-shampoo-molecular-conditioner-650-ml-650-ml\/","og_site_name":"Haarstudio Alena","article_publisher":"https:\/\/www.facebook.com\/haarstudioalena\/?locale=de_DE","article_modified_time":"2026-04-11T19:48:07+00:00","og_image":[{"width":1707,"height":2560,"url":"https:\/\/www.haarstudio-alena.de\/wp-content\/uploads\/2026\/03\/IMG_9825-scaled.jpg","type":"image\/jpeg"}],"twitter_card":"summary_large_image","twitter_misc":{"\u041f\u0440\u0438\u043c\u0435\u0440\u043d\u043e\u0435 \u0432\u0440\u0435\u043c\u044f \u0434\u043b\u044f \u0447\u0442\u0435\u043d\u0438\u044f":"2 \u043c\u0438\u043d\u0443\u0442\u044b"},"schema":{"@context":"https:\/\/schema.org","@graph":[{"@type":"WebPage","@id":"https:\/\/www.haarstudio-alena.de\/ru\/produkt\/molecular-shampoo-molecular-conditioner-650-ml-650-ml\/","url":"https:\/\/www.haarstudio-alena.de\/ru\/produkt\/molecular-shampoo-molecular-conditioner-650-ml-650-ml\/","name":"MOLECULAR SHAMPOO + MOLECULAR CONDITIONER \u2013 650 ML + 650 ML - Haarstudio Alena","isPartOf":{"@id":"https:\/\/www.haarstudio-alena.de\/ru\/#website"},"primaryImageOfPage":{"@id":"https:\/\/www.haarstudio-alena.de\/ru\/produkt\/molecular-shampoo-molecular-conditioner-650-ml-650-ml\/#primaryimage"},"image":{"@id":"https:\/\/www.haarstudio-alena.de\/ru\/produkt\/molecular-shampoo-molecular-conditioner-650-ml-650-ml\/#primaryimage"},"thumbnailUrl":"https:\/\/www.haarstudio-alena.de\/wp-content\/uploads\/2026\/03\/IMG_9825-scaled.jpg","datePublished":"2026-02-27T21:26:44+00:00","dateModified":"2026-04-11T19:48:07+00:00","description":"Verw\u00f6hnen Sie Ihr Haar mit unserem MOLECULAR SHAMPOO + MOLECULAR CONDITIONER \u2013 650 ML + 650 ML \u2013 f\u00fcr seidige Geschmeidigkeit und strahlenden Glanz. Perfekte Pflege f\u00fcr jeden Haartyp.","breadcrumb":{"@id":"https:\/\/www.haarstudio-alena.de\/ru\/produkt\/molecular-shampoo-molecular-conditioner-650-ml-650-ml\/#breadcrumb"},"inLanguage":"ru-RU","potentialAction":[{"@type":"ReadAction","target":["https:\/\/www.haarstudio-alena.de\/ru\/produkt\/molecular-shampoo-molecular-conditioner-650-ml-650-ml\/"]}]},{"@type":"ImageObject","inLanguage":"ru-RU","@id":"https:\/\/www.haarstudio-alena.de\/ru\/produkt\/molecular-shampoo-molecular-conditioner-650-ml-650-ml\/#primaryimage","url":"https:\/\/www.haarstudio-alena.de\/wp-content\/uploads\/2026\/03\/IMG_9825-scaled.jpg","contentUrl":"https:\/\/www.haarstudio-alena.de\/wp-content\/uploads\/2026\/03\/IMG_9825-scaled.jpg","width":1707,"height":2560},{"@type":"BreadcrumbList","@id":"https:\/\/www.haarstudio-alena.de\/ru\/produkt\/molecular-shampoo-molecular-conditioner-650-ml-650-ml\/#breadcrumb","itemListElement":[{"@type":"ListItem","position":1,"name":"Startseite","item":"https:\/\/www.haarstudio-alena.de\/ru\/"},{"@type":"ListItem","position":2,"name":"Shop","item":"https:\/\/www.haarstudio-alena.de\/ru\/shop-2\/"},{"@type":"ListItem","position":3,"name":"MOLECULAR SHAMPOO + MOLECULAR CONDITIONER \u2013 650 ML + 650 ML"}]},{"@type":"WebSite","@id":"https:\/\/www.haarstudio-alena.de\/ru\/#website","url":"https:\/\/www.haarstudio-alena.de\/ru\/","name":"Haarstudio Alena","description":"Ihr Friseur in Heidelberg Kirchheim","publisher":{"@id":"https:\/\/www.haarstudio-alena.de\/ru\/#organization"},"potentialAction":[{"@type":"SearchAction","target":{"@type":"EntryPoint","urlTemplate":"https:\/\/www.haarstudio-alena.de\/ru\/?s={search_term_string}"},"query-input":{"@type":"PropertyValueSpecification","valueRequired":true,"valueName":"search_term_string"}}],"inLanguage":"ru-RU"},{"@type":"Organization","@id":"https:\/\/www.haarstudio-alena.de\/ru\/#organization","name":"Haarstudio Alena","url":"https:\/\/www.haarstudio-alena.de\/ru\/","logo":{"@type":"ImageObject","inLanguage":"ru-RU","@id":"https:\/\/www.haarstudio-alena.de\/ru\/#\/schema\/logo\/image\/","url":"https:\/\/www.haarstudio-alena.de\/wp-content\/uploads\/2023\/09\/Haarstudio-Alena-Heidelberg-Kirchheim-Friseur.png","contentUrl":"https:\/\/www.haarstudio-alena.de\/wp-content\/uploads\/2023\/09\/Haarstudio-Alena-Heidelberg-Kirchheim-Friseur.png","width":400,"height":400,"caption":"Haarstudio Alena"},"image":{"@id":"https:\/\/www.haarstudio-alena.de\/ru\/#\/schema\/logo\/image\/"},"sameAs":["https:\/\/www.facebook.com\/haarstudioalena\/?locale=de_DE","https:\/\/www.instagram.com\/haarstudioalena\/?hl=de"]}]}},"_links":{"self":[{"href":"https:\/\/www.haarstudio-alena.de\/ru\/wp-json\/wp\/v2\/product\/16482","targetHints":{"allow":["GET"]}}],"collection":[{"href":"https:\/\/www.haarstudio-alena.de\/ru\/wp-json\/wp\/v2\/product"}],"about":[{"href":"https:\/\/www.haarstudio-alena.de\/ru\/wp-json\/wp\/v2\/types\/product"}],"replies":[{"embeddable":true,"href":"https:\/\/www.haarstudio-alena.de\/ru\/wp-json\/wp\/v2\/comments?post=16482"}],"version-history":[{"count":5,"href":"https:\/\/www.haarstudio-alena.de\/ru\/wp-json\/wp\/v2\/product\/16482\/revisions"}],"predecessor-version":[{"id":16490,"href":"https:\/\/www.haarstudio-alena.de\/ru\/wp-json\/wp\/v2\/product\/16482\/revisions\/16490"}],"wp:featuredmedia":[{"embeddable":true,"href":"https:\/\/www.haarstudio-alena.de\/ru\/wp-json\/wp\/v2\/media\/16628"}],"wp:attachment":[{"href":"https:\/\/www.haarstudio-alena.de\/ru\/wp-json\/wp\/v2\/media?parent=16482"}],"wp:term":[{"taxonomy":"product_brand","embeddable":true,"href":"https:\/\/www.haarstudio-alena.de\/ru\/wp-json\/wp\/v2\/product_brand?post=16482"},{"taxonomy":"product_cat","embeddable":true,"href":"https:\/\/www.haarstudio-alena.de\/ru\/wp-json\/wp\/v2\/product_cat?post=16482"},{"taxonomy":"product_tag","embeddable":true,"href":"https:\/\/www.haarstudio-alena.de\/ru\/wp-json\/wp\/v2\/product_tag?post=16482"}],"curies":[{"name":"wp","href":"https:\/\/api.w.org\/{rel}","templated":true}]}}