{"id":16529,"date":"2026-03-01T21:03:28","date_gmt":"2026-03-01T20:03:28","guid":{"rendered":"https:\/\/www.haarstudio-alena.de\/?post_type=product&#038;p=16529"},"modified":"2026-04-11T21:13:26","modified_gmt":"2026-04-11T19:13:26","slug":"invisible-mask-5-stueck","status":"publish","type":"product","link":"https:\/\/www.haarstudio-alena.de\/ru\/produkt\/invisible-mask-5-stueck\/","title":{"rendered":"INVISIBLE MASK \u2013 5 ST\u00dcCK"},"content":{"rendered":"<p>Tiefe Hydration: Die enthaltene Oligo-Hyalurons\u00e4ure bietet eine \u00fcberlegene feuchtigkeitsspendende Wirkung im Vergleich zu herk\u00f6mmlicher Hyalurons\u00e4ure. Sie spendet schnell Feuchtigkeit an der Hautoberfl\u00e4che und dringt in tiefere Hautschichten ein, was zu einem gesunden und gepflegten Teint f\u00fchrt.<\/p>\n<p>Hypoallergen**: Frei von Inhaltsstoffen, die allergische Reaktionen verursachen k\u00f6nnen. Sicher f\u00fcr empfindliche Haut. IN SELTENEN F\u00c4LLEN KANN ALLERGISCHE REAKTIONEN VERURSACHEN.<\/p>\n<p>Anwendung:<\/p>\n<ol>\n<li>Gesicht gr\u00fcndlich reinigen.<\/li>\n<li>Obere und untere Maskenteile entnehmen und entfalten.<\/li>\n<li>Zuerst den unteren Maskenteil, dann den oberen Teil flach auf das Gesicht auflegen und mit den Fingerspitzen glattstreichen.<\/li>\n<\/ol>\n<p>Anwendungsbereiche<\/p>\n<p>Nachts\u00fcber: Am Ende der Pflegeroutine die Maske auftragen und \u00fcber Nacht einwirken lassen. Am n\u00e4chsten Morgen abnehmen.<\/p>\n<p>Tags\u00fcber: Nach der Anwendung eines Serums die Maske f\u00fcr 3-4 Stunden oder bis zur Transparenz einwirken lassen.<\/p>\n<p>Inhaltsstoffe: Thermales Wasser, Kollagen-Extrakt, Galactomyces-Fermentfiltrat, Chondrus Crispus, Niacinamid, Camellia Sinensis (Gr\u00fcner Tee) Blatt-Extrakt, Ceratonia Siliqua (Carob) Gum, Betaine Algin, Agar, Centella Asiatica-Extrakt, Scutellaria Baicalensis Wurzel-Extrakt, Allantoin, Hydrolysierte Hyalurons\u00e4ure, Adenosin, Pyrus Communis (Birne) Fruchtextrakt, Rosa Damascena Bl\u00fctenwasser, Iris Florentina Wurzelextrakt, Cucumis Melo (Melone) Fruchtextrakt, Caprylyl Glycol, Bifida-Fermentfiltrat Tocopherol, Lactobacillus Ferment, Lactobacillus Ferment Lysat<\/p>\n<p>* IN RARE CASES MAY CAUSE ALLERGIC REACTIONS.<\/p>\n<p>** IN SELTENEN F\u00c4LLEN KANN ALLERGISCHE REAKTIONEN VERURSACHEN.<\/p>\n","protected":false},"excerpt":{"rendered":"<p>TIEFENFEUCHTIGKEIT, GLANZ, PORENVERFEINERUNG UND -STRAFFUNG, ST\u00c4RKUNG DER HAUTBARRIERE, HYPOALLERGEN<\/p>\n","protected":false},"featured_media":16637,"comment_status":"closed","ping_status":"closed","template":"","meta":{"_joinchat":[]},"product_brand":[253],"product_cat":[262,257],"product_tag":[268],"class_list":{"0":"post-16529","1":"product","2":"type-product","3":"status-publish","4":"has-post-thumbnail","6":"product_brand-mave","7":"product_cat-mask","8":"product_cat-pflege","9":"product_tag-mask","11":"first","12":"instock","13":"taxable","14":"shipping-taxable","15":"purchasable","16":"product-type-simple"},"yoast_head":"<!-- This site is optimized with the Yoast SEO plugin v26.9 - https:\/\/yoast.com\/product\/yoast-seo-wordpress\/ -->\n<title>INVISIBLE MASK \u2013 5 ST\u00dcCK - Haarstudio Alena<\/title>\n<meta name=\"description\" content=\"Verw\u00f6hnen Sie Ihr Haar mit unserem INVISIBLE MASK \u2013 5 ST\u00dcCK \u2013 f\u00fcr seidige Geschmeidigkeit und strahlenden Glanz. Perfekte Pflege f\u00fcr jeden Haartyp.\" \/>\n<meta name=\"robots\" content=\"index, follow, max-snippet:-1, max-image-preview:large, max-video-preview:-1\" \/>\n<link rel=\"canonical\" href=\"https:\/\/www.haarstudio-alena.de\/ru\/produkt\/invisible-mask-5-stueck\/\" \/>\n<meta property=\"og:locale\" content=\"ru_RU\" \/>\n<meta property=\"og:type\" content=\"article\" \/>\n<meta property=\"og:title\" content=\"INVISIBLE MASK \u2013 5 ST\u00dcCK - Haarstudio Alena\" \/>\n<meta property=\"og:description\" content=\"Verw\u00f6hnen Sie Ihr Haar mit unserem INVISIBLE MASK \u2013 5 ST\u00dcCK \u2013 f\u00fcr seidige Geschmeidigkeit und strahlenden Glanz. Perfekte Pflege f\u00fcr jeden Haartyp.\" \/>\n<meta property=\"og:url\" content=\"https:\/\/www.haarstudio-alena.de\/ru\/produkt\/invisible-mask-5-stueck\/\" \/>\n<meta property=\"og:site_name\" content=\"Haarstudio Alena\" \/>\n<meta property=\"article:publisher\" content=\"https:\/\/www.facebook.com\/haarstudioalena\/?locale=de_DE\" \/>\n<meta property=\"article:modified_time\" content=\"2026-04-11T19:13:26+00:00\" \/>\n<meta property=\"og:image\" content=\"https:\/\/www.haarstudio-alena.de\/wp-content\/uploads\/2026\/03\/IMG_0046-\u0432\u043e\u0441\u0441\u0442\u0430\u043d\u043e\u0432\u043b\u0435\u043d\u043e-scaled.jpg\" \/>\n\t<meta property=\"og:image:width\" content=\"1707\" \/>\n\t<meta property=\"og:image:height\" content=\"2560\" \/>\n\t<meta property=\"og:image:type\" content=\"image\/jpeg\" \/>\n<meta name=\"twitter:card\" content=\"summary_large_image\" \/>\n<meta name=\"twitter:label1\" content=\"\u041f\u0440\u0438\u043c\u0435\u0440\u043d\u043e\u0435 \u0432\u0440\u0435\u043c\u044f \u0434\u043b\u044f \u0447\u0442\u0435\u043d\u0438\u044f\" \/>\n\t<meta name=\"twitter:data1\" content=\"2 \u043c\u0438\u043d\u0443\u0442\u044b\" \/>\n<script type=\"application\/ld+json\" class=\"yoast-schema-graph\">{\"@context\":\"https:\/\/schema.org\",\"@graph\":[{\"@type\":\"WebPage\",\"@id\":\"https:\/\/www.haarstudio-alena.de\/ru\/produkt\/invisible-mask-5-stueck\/\",\"url\":\"https:\/\/www.haarstudio-alena.de\/ru\/produkt\/invisible-mask-5-stueck\/\",\"name\":\"INVISIBLE MASK \u2013 5 ST\u00dcCK - Haarstudio Alena\",\"isPartOf\":{\"@id\":\"https:\/\/www.haarstudio-alena.de\/ru\/#website\"},\"primaryImageOfPage\":{\"@id\":\"https:\/\/www.haarstudio-alena.de\/ru\/produkt\/invisible-mask-5-stueck\/#primaryimage\"},\"image\":{\"@id\":\"https:\/\/www.haarstudio-alena.de\/ru\/produkt\/invisible-mask-5-stueck\/#primaryimage\"},\"thumbnailUrl\":\"https:\/\/www.haarstudio-alena.de\/wp-content\/uploads\/2026\/03\/IMG_0046-\u0432\u043e\u0441\u0441\u0442\u0430\u043d\u043e\u0432\u043b\u0435\u043d\u043e-scaled.jpg\",\"datePublished\":\"2026-03-01T20:03:28+00:00\",\"dateModified\":\"2026-04-11T19:13:26+00:00\",\"description\":\"Verw\u00f6hnen Sie Ihr Haar mit unserem INVISIBLE MASK \u2013 5 ST\u00dcCK \u2013 f\u00fcr seidige Geschmeidigkeit und strahlenden Glanz. Perfekte Pflege f\u00fcr jeden Haartyp.\",\"breadcrumb\":{\"@id\":\"https:\/\/www.haarstudio-alena.de\/ru\/produkt\/invisible-mask-5-stueck\/#breadcrumb\"},\"inLanguage\":\"ru-RU\",\"potentialAction\":[{\"@type\":\"ReadAction\",\"target\":[\"https:\/\/www.haarstudio-alena.de\/ru\/produkt\/invisible-mask-5-stueck\/\"]}]},{\"@type\":\"ImageObject\",\"inLanguage\":\"ru-RU\",\"@id\":\"https:\/\/www.haarstudio-alena.de\/ru\/produkt\/invisible-mask-5-stueck\/#primaryimage\",\"url\":\"https:\/\/www.haarstudio-alena.de\/wp-content\/uploads\/2026\/03\/IMG_0046-\u0432\u043e\u0441\u0441\u0442\u0430\u043d\u043e\u0432\u043b\u0435\u043d\u043e-scaled.jpg\",\"contentUrl\":\"https:\/\/www.haarstudio-alena.de\/wp-content\/uploads\/2026\/03\/IMG_0046-\u0432\u043e\u0441\u0441\u0442\u0430\u043d\u043e\u0432\u043b\u0435\u043d\u043e-scaled.jpg\",\"width\":1707,\"height\":2560},{\"@type\":\"BreadcrumbList\",\"@id\":\"https:\/\/www.haarstudio-alena.de\/ru\/produkt\/invisible-mask-5-stueck\/#breadcrumb\",\"itemListElement\":[{\"@type\":\"ListItem\",\"position\":1,\"name\":\"Startseite\",\"item\":\"https:\/\/www.haarstudio-alena.de\/ru\/\"},{\"@type\":\"ListItem\",\"position\":2,\"name\":\"Shop\",\"item\":\"https:\/\/www.haarstudio-alena.de\/ru\/shop-2\/\"},{\"@type\":\"ListItem\",\"position\":3,\"name\":\"INVISIBLE MASK \u2013 5 ST\u00dcCK\"}]},{\"@type\":\"WebSite\",\"@id\":\"https:\/\/www.haarstudio-alena.de\/ru\/#website\",\"url\":\"https:\/\/www.haarstudio-alena.de\/ru\/\",\"name\":\"Haarstudio Alena\",\"description\":\"Ihr Friseur in Heidelberg Kirchheim\",\"publisher\":{\"@id\":\"https:\/\/www.haarstudio-alena.de\/ru\/#organization\"},\"potentialAction\":[{\"@type\":\"SearchAction\",\"target\":{\"@type\":\"EntryPoint\",\"urlTemplate\":\"https:\/\/www.haarstudio-alena.de\/ru\/?s={search_term_string}\"},\"query-input\":{\"@type\":\"PropertyValueSpecification\",\"valueRequired\":true,\"valueName\":\"search_term_string\"}}],\"inLanguage\":\"ru-RU\"},{\"@type\":\"Organization\",\"@id\":\"https:\/\/www.haarstudio-alena.de\/ru\/#organization\",\"name\":\"Haarstudio Alena\",\"url\":\"https:\/\/www.haarstudio-alena.de\/ru\/\",\"logo\":{\"@type\":\"ImageObject\",\"inLanguage\":\"ru-RU\",\"@id\":\"https:\/\/www.haarstudio-alena.de\/ru\/#\/schema\/logo\/image\/\",\"url\":\"https:\/\/www.haarstudio-alena.de\/wp-content\/uploads\/2023\/09\/Haarstudio-Alena-Heidelberg-Kirchheim-Friseur.png\",\"contentUrl\":\"https:\/\/www.haarstudio-alena.de\/wp-content\/uploads\/2023\/09\/Haarstudio-Alena-Heidelberg-Kirchheim-Friseur.png\",\"width\":400,\"height\":400,\"caption\":\"Haarstudio Alena\"},\"image\":{\"@id\":\"https:\/\/www.haarstudio-alena.de\/ru\/#\/schema\/logo\/image\/\"},\"sameAs\":[\"https:\/\/www.facebook.com\/haarstudioalena\/?locale=de_DE\",\"https:\/\/www.instagram.com\/haarstudioalena\/?hl=de\"]}]}<\/script>\n<!-- \/ Yoast SEO plugin. -->","yoast_head_json":{"title":"INVISIBLE MASK \u2013 5 ST\u00dcCK - Haarstudio Alena","description":"Verw\u00f6hnen Sie Ihr Haar mit unserem INVISIBLE MASK \u2013 5 ST\u00dcCK \u2013 f\u00fcr seidige Geschmeidigkeit und strahlenden Glanz. Perfekte Pflege f\u00fcr jeden Haartyp.","robots":{"index":"index","follow":"follow","max-snippet":"max-snippet:-1","max-image-preview":"max-image-preview:large","max-video-preview":"max-video-preview:-1"},"canonical":"https:\/\/www.haarstudio-alena.de\/ru\/produkt\/invisible-mask-5-stueck\/","og_locale":"ru_RU","og_type":"article","og_title":"INVISIBLE MASK \u2013 5 ST\u00dcCK - Haarstudio Alena","og_description":"Verw\u00f6hnen Sie Ihr Haar mit unserem INVISIBLE MASK \u2013 5 ST\u00dcCK \u2013 f\u00fcr seidige Geschmeidigkeit und strahlenden Glanz. Perfekte Pflege f\u00fcr jeden Haartyp.","og_url":"https:\/\/www.haarstudio-alena.de\/ru\/produkt\/invisible-mask-5-stueck\/","og_site_name":"Haarstudio Alena","article_publisher":"https:\/\/www.facebook.com\/haarstudioalena\/?locale=de_DE","article_modified_time":"2026-04-11T19:13:26+00:00","og_image":[{"width":1707,"height":2560,"url":"https:\/\/www.haarstudio-alena.de\/wp-content\/uploads\/2026\/03\/IMG_0046-\u0432\u043e\u0441\u0441\u0442\u0430\u043d\u043e\u0432\u043b\u0435\u043d\u043e-scaled.jpg","type":"image\/jpeg"}],"twitter_card":"summary_large_image","twitter_misc":{"\u041f\u0440\u0438\u043c\u0435\u0440\u043d\u043e\u0435 \u0432\u0440\u0435\u043c\u044f \u0434\u043b\u044f \u0447\u0442\u0435\u043d\u0438\u044f":"2 \u043c\u0438\u043d\u0443\u0442\u044b"},"schema":{"@context":"https:\/\/schema.org","@graph":[{"@type":"WebPage","@id":"https:\/\/www.haarstudio-alena.de\/ru\/produkt\/invisible-mask-5-stueck\/","url":"https:\/\/www.haarstudio-alena.de\/ru\/produkt\/invisible-mask-5-stueck\/","name":"INVISIBLE MASK \u2013 5 ST\u00dcCK - Haarstudio Alena","isPartOf":{"@id":"https:\/\/www.haarstudio-alena.de\/ru\/#website"},"primaryImageOfPage":{"@id":"https:\/\/www.haarstudio-alena.de\/ru\/produkt\/invisible-mask-5-stueck\/#primaryimage"},"image":{"@id":"https:\/\/www.haarstudio-alena.de\/ru\/produkt\/invisible-mask-5-stueck\/#primaryimage"},"thumbnailUrl":"https:\/\/www.haarstudio-alena.de\/wp-content\/uploads\/2026\/03\/IMG_0046-\u0432\u043e\u0441\u0441\u0442\u0430\u043d\u043e\u0432\u043b\u0435\u043d\u043e-scaled.jpg","datePublished":"2026-03-01T20:03:28+00:00","dateModified":"2026-04-11T19:13:26+00:00","description":"Verw\u00f6hnen Sie Ihr Haar mit unserem INVISIBLE MASK \u2013 5 ST\u00dcCK \u2013 f\u00fcr seidige Geschmeidigkeit und strahlenden Glanz. Perfekte Pflege f\u00fcr jeden Haartyp.","breadcrumb":{"@id":"https:\/\/www.haarstudio-alena.de\/ru\/produkt\/invisible-mask-5-stueck\/#breadcrumb"},"inLanguage":"ru-RU","potentialAction":[{"@type":"ReadAction","target":["https:\/\/www.haarstudio-alena.de\/ru\/produkt\/invisible-mask-5-stueck\/"]}]},{"@type":"ImageObject","inLanguage":"ru-RU","@id":"https:\/\/www.haarstudio-alena.de\/ru\/produkt\/invisible-mask-5-stueck\/#primaryimage","url":"https:\/\/www.haarstudio-alena.de\/wp-content\/uploads\/2026\/03\/IMG_0046-\u0432\u043e\u0441\u0441\u0442\u0430\u043d\u043e\u0432\u043b\u0435\u043d\u043e-scaled.jpg","contentUrl":"https:\/\/www.haarstudio-alena.de\/wp-content\/uploads\/2026\/03\/IMG_0046-\u0432\u043e\u0441\u0441\u0442\u0430\u043d\u043e\u0432\u043b\u0435\u043d\u043e-scaled.jpg","width":1707,"height":2560},{"@type":"BreadcrumbList","@id":"https:\/\/www.haarstudio-alena.de\/ru\/produkt\/invisible-mask-5-stueck\/#breadcrumb","itemListElement":[{"@type":"ListItem","position":1,"name":"Startseite","item":"https:\/\/www.haarstudio-alena.de\/ru\/"},{"@type":"ListItem","position":2,"name":"Shop","item":"https:\/\/www.haarstudio-alena.de\/ru\/shop-2\/"},{"@type":"ListItem","position":3,"name":"INVISIBLE MASK \u2013 5 ST\u00dcCK"}]},{"@type":"WebSite","@id":"https:\/\/www.haarstudio-alena.de\/ru\/#website","url":"https:\/\/www.haarstudio-alena.de\/ru\/","name":"Haarstudio Alena","description":"Ihr Friseur in Heidelberg Kirchheim","publisher":{"@id":"https:\/\/www.haarstudio-alena.de\/ru\/#organization"},"potentialAction":[{"@type":"SearchAction","target":{"@type":"EntryPoint","urlTemplate":"https:\/\/www.haarstudio-alena.de\/ru\/?s={search_term_string}"},"query-input":{"@type":"PropertyValueSpecification","valueRequired":true,"valueName":"search_term_string"}}],"inLanguage":"ru-RU"},{"@type":"Organization","@id":"https:\/\/www.haarstudio-alena.de\/ru\/#organization","name":"Haarstudio Alena","url":"https:\/\/www.haarstudio-alena.de\/ru\/","logo":{"@type":"ImageObject","inLanguage":"ru-RU","@id":"https:\/\/www.haarstudio-alena.de\/ru\/#\/schema\/logo\/image\/","url":"https:\/\/www.haarstudio-alena.de\/wp-content\/uploads\/2023\/09\/Haarstudio-Alena-Heidelberg-Kirchheim-Friseur.png","contentUrl":"https:\/\/www.haarstudio-alena.de\/wp-content\/uploads\/2023\/09\/Haarstudio-Alena-Heidelberg-Kirchheim-Friseur.png","width":400,"height":400,"caption":"Haarstudio Alena"},"image":{"@id":"https:\/\/www.haarstudio-alena.de\/ru\/#\/schema\/logo\/image\/"},"sameAs":["https:\/\/www.facebook.com\/haarstudioalena\/?locale=de_DE","https:\/\/www.instagram.com\/haarstudioalena\/?hl=de"]}]}},"_links":{"self":[{"href":"https:\/\/www.haarstudio-alena.de\/ru\/wp-json\/wp\/v2\/product\/16529","targetHints":{"allow":["GET"]}}],"collection":[{"href":"https:\/\/www.haarstudio-alena.de\/ru\/wp-json\/wp\/v2\/product"}],"about":[{"href":"https:\/\/www.haarstudio-alena.de\/ru\/wp-json\/wp\/v2\/types\/product"}],"replies":[{"embeddable":true,"href":"https:\/\/www.haarstudio-alena.de\/ru\/wp-json\/wp\/v2\/comments?post=16529"}],"version-history":[{"count":2,"href":"https:\/\/www.haarstudio-alena.de\/ru\/wp-json\/wp\/v2\/product\/16529\/revisions"}],"predecessor-version":[{"id":16534,"href":"https:\/\/www.haarstudio-alena.de\/ru\/wp-json\/wp\/v2\/product\/16529\/revisions\/16534"}],"wp:featuredmedia":[{"embeddable":true,"href":"https:\/\/www.haarstudio-alena.de\/ru\/wp-json\/wp\/v2\/media\/16637"}],"wp:attachment":[{"href":"https:\/\/www.haarstudio-alena.de\/ru\/wp-json\/wp\/v2\/media?parent=16529"}],"wp:term":[{"taxonomy":"product_brand","embeddable":true,"href":"https:\/\/www.haarstudio-alena.de\/ru\/wp-json\/wp\/v2\/product_brand?post=16529"},{"taxonomy":"product_cat","embeddable":true,"href":"https:\/\/www.haarstudio-alena.de\/ru\/wp-json\/wp\/v2\/product_cat?post=16529"},{"taxonomy":"product_tag","embeddable":true,"href":"https:\/\/www.haarstudio-alena.de\/ru\/wp-json\/wp\/v2\/product_tag?post=16529"}],"curies":[{"name":"wp","href":"https:\/\/api.w.org\/{rel}","templated":true}]}}