{"id":16535,"date":"2026-03-01T21:10:28","date_gmt":"2026-03-01T20:10:28","guid":{"rendered":"https:\/\/www.haarstudio-alena.de\/?post_type=product&#038;p=16535"},"modified":"2026-04-11T21:35:30","modified_gmt":"2026-04-11T19:35:30","slug":"mizellen-reinigungsschaum-200-ml","status":"publish","type":"product","link":"https:\/\/www.haarstudio-alena.de\/ru\/produkt\/mizellen-reinigungsschaum-200-ml\/","title":{"rendered":"MIZELLEN REINIGUNGSSCHAUM \u2013 200 ML"},"content":{"rendered":"<p>Der Mave Mizellen Reinigungsschaum ist dein Must-have f\u00fcr H\u00e4nde, F\u00fc\u00dfe und Gesicht. Der Reinigungsschaum bewahrt die nat\u00fcrliche Hautbalance, ohne die Haut zu belasten oder auszutrocknen. Dank seiner einzigartigen Mizellen-Technologie auf molekularer Basis und einer ausgewogenen Mischung von nat\u00fcrlichen Inhaltsstoffen reinigt der Schaum die Haut tiefenwirksam von Make-Up, Talg\u00fcbersch\u00fcssen, Schmutz und anderen Umwelteinfl\u00fcssen. Dabei spendet er Feuchtigkeit, neutralisiert unangenehme Ger\u00fcche und sorgt dank der nat\u00fcrlichen Gr\u00fcntee-Extrakte f\u00fcr ein angenehmes Hautgef\u00fchl. Mit Inhaltsstoffen wie Hamamelis, Teebaum- und Monarda-\u00d6l wirkt der Schaum zus\u00e4tzlich antiseptisch. Das enthaltende Panthenol bietet viel Feuchtigkeit, Schutz und Anti-Aging. Panthenol beschleunigt nicht nur den Heilungsprozess, sondern steigert auch die Hautfeuchte, sch\u00fctzt bei Hautkrankheiten und hilft gegen vorzeitige Hautalterung. Panthenol hilft \u00fcbrigens auch bei Sonnenallergie und sonnengestresster Haut.<\/p>\n<p>Anwendungsempfehlungen: Gesichtsreinigung: Vor Gebrauch gut sch\u00fctteln, 1-2 Pumpst\u00f6\u00dfe auf die Handfl\u00e4che geben, auf angefeuchtetes Gesicht auftragen, sanft einmassieren (Augenpartie dabei aussparen), mit klarem Wasser abwaschen. Zur\u00fcck bleibt ein reines, frisches und klares Hautgef\u00fchl.<\/p>\n<p>Gepflegte H\u00e4nde und N\u00e4gel vor und nach der Manik\u00fcre: Der Mave Mizellen Reinigungsschaum reinigt und desinfiziert die H\u00e4nde, entfernt optimal den Staub nach der apparativen Manik\u00fcre, zur\u00fcck bleibt ein perfektes, sauberes und gepflegtes Ergebnis.<\/p>\n<p>Die Pedik\u00fcre wird revolutioniert: Der Mave Mizellen Schaum ersetzt das herk\u00f6mmliche Fu\u00dfbad. Er reinigt schnell und effektiv, beseitigt unangenehme Ger\u00fcche, wirkt gleichzeitig antiseptisch \u2013 und das alles ohne Wasser. Ein echter Zeitgewinn ohne Kompromisse bei der Reinigung und Pflege. Daf\u00fcr einige Pumpst\u00f6\u00dfe auf die Handfl\u00e4che geben, auf die F\u00fc\u00dfe auftragen und mit kreisenden Bewegungen verteilen, anschlie\u00dfend mit einem feuchten Tuch oder unserem Mave Mizellen Tuch abwischen.<\/p>\n<p>Inhaltsstoffe: Destilliertes Wasser, Poloxamer 407, Panthenol, Propylenglykol, Disodium EDTA, Hamamelis Virginiana Wasser, Teebaum\u00f6l, Monarda\u00f6l, Gr\u00fcner Tee<\/p>\n","protected":false},"excerpt":{"rendered":"<p>Sanfte Reinigung \u2013 Intensive Pflege<\/p>\n","protected":false},"featured_media":16650,"comment_status":"closed","ping_status":"closed","template":"","meta":{"_joinchat":[]},"product_brand":[253],"product_cat":[257,263],"product_tag":[268],"class_list":{"0":"post-16535","1":"product","2":"type-product","3":"status-publish","4":"has-post-thumbnail","6":"product_brand-mave","7":"product_cat-pflege","8":"product_cat-reinigung","9":"product_tag-mask","11":"first","12":"instock","13":"taxable","14":"shipping-taxable","15":"purchasable","16":"product-type-simple"},"yoast_head":"<!-- This site is optimized with the Yoast SEO plugin v26.9 - https:\/\/yoast.com\/product\/yoast-seo-wordpress\/ -->\n<title>MIZELLEN REINIGUNGSSCHAUM \u2013 200 ML - Haarstudio Alena<\/title>\n<meta name=\"description\" content=\"Verw\u00f6hnen Sie Ihr Haar mit unserem MIZELLEN REINIGUNGSSCHAUM \u2013 200 ML \u2013 f\u00fcr seidige Geschmeidigkeit und strahlenden Glanz. Perfekte Pflege f\u00fcr jeden Haartyp.\" \/>\n<meta name=\"robots\" content=\"index, follow, max-snippet:-1, max-image-preview:large, max-video-preview:-1\" \/>\n<link rel=\"canonical\" href=\"https:\/\/www.haarstudio-alena.de\/ru\/produkt\/mizellen-reinigungsschaum-200-ml\/\" \/>\n<meta property=\"og:locale\" content=\"ru_RU\" \/>\n<meta property=\"og:type\" content=\"article\" \/>\n<meta property=\"og:title\" content=\"MIZELLEN REINIGUNGSSCHAUM \u2013 200 ML - Haarstudio Alena\" \/>\n<meta property=\"og:description\" content=\"Verw\u00f6hnen Sie Ihr Haar mit unserem MIZELLEN REINIGUNGSSCHAUM \u2013 200 ML \u2013 f\u00fcr seidige Geschmeidigkeit und strahlenden Glanz. Perfekte Pflege f\u00fcr jeden Haartyp.\" \/>\n<meta property=\"og:url\" content=\"https:\/\/www.haarstudio-alena.de\/ru\/produkt\/mizellen-reinigungsschaum-200-ml\/\" \/>\n<meta property=\"og:site_name\" content=\"Haarstudio Alena\" \/>\n<meta property=\"article:publisher\" content=\"https:\/\/www.facebook.com\/haarstudioalena\/?locale=de_DE\" \/>\n<meta property=\"article:modified_time\" content=\"2026-04-11T19:35:30+00:00\" \/>\n<meta property=\"og:image\" content=\"https:\/\/www.haarstudio-alena.de\/wp-content\/uploads\/2026\/03\/IMG_9759-\u0432\u043e\u0441\u0441\u0442\u0430\u043d\u043e\u0432\u043b\u0435\u043d\u043e-scaled.jpg\" \/>\n\t<meta property=\"og:image:width\" content=\"1707\" \/>\n\t<meta property=\"og:image:height\" content=\"2560\" \/>\n\t<meta property=\"og:image:type\" content=\"image\/jpeg\" \/>\n<meta name=\"twitter:card\" content=\"summary_large_image\" \/>\n<meta name=\"twitter:label1\" content=\"\u041f\u0440\u0438\u043c\u0435\u0440\u043d\u043e\u0435 \u0432\u0440\u0435\u043c\u044f \u0434\u043b\u044f \u0447\u0442\u0435\u043d\u0438\u044f\" \/>\n\t<meta name=\"twitter:data1\" content=\"2 \u043c\u0438\u043d\u0443\u0442\u044b\" \/>\n<script type=\"application\/ld+json\" class=\"yoast-schema-graph\">{\"@context\":\"https:\/\/schema.org\",\"@graph\":[{\"@type\":\"WebPage\",\"@id\":\"https:\/\/www.haarstudio-alena.de\/ru\/produkt\/mizellen-reinigungsschaum-200-ml\/\",\"url\":\"https:\/\/www.haarstudio-alena.de\/ru\/produkt\/mizellen-reinigungsschaum-200-ml\/\",\"name\":\"MIZELLEN REINIGUNGSSCHAUM \u2013 200 ML - Haarstudio Alena\",\"isPartOf\":{\"@id\":\"https:\/\/www.haarstudio-alena.de\/ru\/#website\"},\"primaryImageOfPage\":{\"@id\":\"https:\/\/www.haarstudio-alena.de\/ru\/produkt\/mizellen-reinigungsschaum-200-ml\/#primaryimage\"},\"image\":{\"@id\":\"https:\/\/www.haarstudio-alena.de\/ru\/produkt\/mizellen-reinigungsschaum-200-ml\/#primaryimage\"},\"thumbnailUrl\":\"https:\/\/www.haarstudio-alena.de\/wp-content\/uploads\/2026\/03\/IMG_9759-\u0432\u043e\u0441\u0441\u0442\u0430\u043d\u043e\u0432\u043b\u0435\u043d\u043e-scaled.jpg\",\"datePublished\":\"2026-03-01T20:10:28+00:00\",\"dateModified\":\"2026-04-11T19:35:30+00:00\",\"description\":\"Verw\u00f6hnen Sie Ihr Haar mit unserem MIZELLEN REINIGUNGSSCHAUM \u2013 200 ML \u2013 f\u00fcr seidige Geschmeidigkeit und strahlenden Glanz. Perfekte Pflege f\u00fcr jeden Haartyp.\",\"breadcrumb\":{\"@id\":\"https:\/\/www.haarstudio-alena.de\/ru\/produkt\/mizellen-reinigungsschaum-200-ml\/#breadcrumb\"},\"inLanguage\":\"ru-RU\",\"potentialAction\":[{\"@type\":\"ReadAction\",\"target\":[\"https:\/\/www.haarstudio-alena.de\/ru\/produkt\/mizellen-reinigungsschaum-200-ml\/\"]}]},{\"@type\":\"ImageObject\",\"inLanguage\":\"ru-RU\",\"@id\":\"https:\/\/www.haarstudio-alena.de\/ru\/produkt\/mizellen-reinigungsschaum-200-ml\/#primaryimage\",\"url\":\"https:\/\/www.haarstudio-alena.de\/wp-content\/uploads\/2026\/03\/IMG_9759-\u0432\u043e\u0441\u0441\u0442\u0430\u043d\u043e\u0432\u043b\u0435\u043d\u043e-scaled.jpg\",\"contentUrl\":\"https:\/\/www.haarstudio-alena.de\/wp-content\/uploads\/2026\/03\/IMG_9759-\u0432\u043e\u0441\u0441\u0442\u0430\u043d\u043e\u0432\u043b\u0435\u043d\u043e-scaled.jpg\",\"width\":1707,\"height\":2560},{\"@type\":\"BreadcrumbList\",\"@id\":\"https:\/\/www.haarstudio-alena.de\/ru\/produkt\/mizellen-reinigungsschaum-200-ml\/#breadcrumb\",\"itemListElement\":[{\"@type\":\"ListItem\",\"position\":1,\"name\":\"Startseite\",\"item\":\"https:\/\/www.haarstudio-alena.de\/ru\/\"},{\"@type\":\"ListItem\",\"position\":2,\"name\":\"Shop\",\"item\":\"https:\/\/www.haarstudio-alena.de\/ru\/shop-2\/\"},{\"@type\":\"ListItem\",\"position\":3,\"name\":\"MIZELLEN REINIGUNGSSCHAUM \u2013 200 ML\"}]},{\"@type\":\"WebSite\",\"@id\":\"https:\/\/www.haarstudio-alena.de\/ru\/#website\",\"url\":\"https:\/\/www.haarstudio-alena.de\/ru\/\",\"name\":\"Haarstudio Alena\",\"description\":\"Ihr Friseur in Heidelberg Kirchheim\",\"publisher\":{\"@id\":\"https:\/\/www.haarstudio-alena.de\/ru\/#organization\"},\"potentialAction\":[{\"@type\":\"SearchAction\",\"target\":{\"@type\":\"EntryPoint\",\"urlTemplate\":\"https:\/\/www.haarstudio-alena.de\/ru\/?s={search_term_string}\"},\"query-input\":{\"@type\":\"PropertyValueSpecification\",\"valueRequired\":true,\"valueName\":\"search_term_string\"}}],\"inLanguage\":\"ru-RU\"},{\"@type\":\"Organization\",\"@id\":\"https:\/\/www.haarstudio-alena.de\/ru\/#organization\",\"name\":\"Haarstudio Alena\",\"url\":\"https:\/\/www.haarstudio-alena.de\/ru\/\",\"logo\":{\"@type\":\"ImageObject\",\"inLanguage\":\"ru-RU\",\"@id\":\"https:\/\/www.haarstudio-alena.de\/ru\/#\/schema\/logo\/image\/\",\"url\":\"https:\/\/www.haarstudio-alena.de\/wp-content\/uploads\/2023\/09\/Haarstudio-Alena-Heidelberg-Kirchheim-Friseur.png\",\"contentUrl\":\"https:\/\/www.haarstudio-alena.de\/wp-content\/uploads\/2023\/09\/Haarstudio-Alena-Heidelberg-Kirchheim-Friseur.png\",\"width\":400,\"height\":400,\"caption\":\"Haarstudio Alena\"},\"image\":{\"@id\":\"https:\/\/www.haarstudio-alena.de\/ru\/#\/schema\/logo\/image\/\"},\"sameAs\":[\"https:\/\/www.facebook.com\/haarstudioalena\/?locale=de_DE\",\"https:\/\/www.instagram.com\/haarstudioalena\/?hl=de\"]}]}<\/script>\n<!-- \/ Yoast SEO plugin. -->","yoast_head_json":{"title":"MIZELLEN REINIGUNGSSCHAUM \u2013 200 ML - Haarstudio Alena","description":"Verw\u00f6hnen Sie Ihr Haar mit unserem MIZELLEN REINIGUNGSSCHAUM \u2013 200 ML \u2013 f\u00fcr seidige Geschmeidigkeit und strahlenden Glanz. Perfekte Pflege f\u00fcr jeden Haartyp.","robots":{"index":"index","follow":"follow","max-snippet":"max-snippet:-1","max-image-preview":"max-image-preview:large","max-video-preview":"max-video-preview:-1"},"canonical":"https:\/\/www.haarstudio-alena.de\/ru\/produkt\/mizellen-reinigungsschaum-200-ml\/","og_locale":"ru_RU","og_type":"article","og_title":"MIZELLEN REINIGUNGSSCHAUM \u2013 200 ML - Haarstudio Alena","og_description":"Verw\u00f6hnen Sie Ihr Haar mit unserem MIZELLEN REINIGUNGSSCHAUM \u2013 200 ML \u2013 f\u00fcr seidige Geschmeidigkeit und strahlenden Glanz. Perfekte Pflege f\u00fcr jeden Haartyp.","og_url":"https:\/\/www.haarstudio-alena.de\/ru\/produkt\/mizellen-reinigungsschaum-200-ml\/","og_site_name":"Haarstudio Alena","article_publisher":"https:\/\/www.facebook.com\/haarstudioalena\/?locale=de_DE","article_modified_time":"2026-04-11T19:35:30+00:00","og_image":[{"width":1707,"height":2560,"url":"https:\/\/www.haarstudio-alena.de\/wp-content\/uploads\/2026\/03\/IMG_9759-\u0432\u043e\u0441\u0441\u0442\u0430\u043d\u043e\u0432\u043b\u0435\u043d\u043e-scaled.jpg","type":"image\/jpeg"}],"twitter_card":"summary_large_image","twitter_misc":{"\u041f\u0440\u0438\u043c\u0435\u0440\u043d\u043e\u0435 \u0432\u0440\u0435\u043c\u044f \u0434\u043b\u044f \u0447\u0442\u0435\u043d\u0438\u044f":"2 \u043c\u0438\u043d\u0443\u0442\u044b"},"schema":{"@context":"https:\/\/schema.org","@graph":[{"@type":"WebPage","@id":"https:\/\/www.haarstudio-alena.de\/ru\/produkt\/mizellen-reinigungsschaum-200-ml\/","url":"https:\/\/www.haarstudio-alena.de\/ru\/produkt\/mizellen-reinigungsschaum-200-ml\/","name":"MIZELLEN REINIGUNGSSCHAUM \u2013 200 ML - Haarstudio Alena","isPartOf":{"@id":"https:\/\/www.haarstudio-alena.de\/ru\/#website"},"primaryImageOfPage":{"@id":"https:\/\/www.haarstudio-alena.de\/ru\/produkt\/mizellen-reinigungsschaum-200-ml\/#primaryimage"},"image":{"@id":"https:\/\/www.haarstudio-alena.de\/ru\/produkt\/mizellen-reinigungsschaum-200-ml\/#primaryimage"},"thumbnailUrl":"https:\/\/www.haarstudio-alena.de\/wp-content\/uploads\/2026\/03\/IMG_9759-\u0432\u043e\u0441\u0441\u0442\u0430\u043d\u043e\u0432\u043b\u0435\u043d\u043e-scaled.jpg","datePublished":"2026-03-01T20:10:28+00:00","dateModified":"2026-04-11T19:35:30+00:00","description":"Verw\u00f6hnen Sie Ihr Haar mit unserem MIZELLEN REINIGUNGSSCHAUM \u2013 200 ML \u2013 f\u00fcr seidige Geschmeidigkeit und strahlenden Glanz. Perfekte Pflege f\u00fcr jeden Haartyp.","breadcrumb":{"@id":"https:\/\/www.haarstudio-alena.de\/ru\/produkt\/mizellen-reinigungsschaum-200-ml\/#breadcrumb"},"inLanguage":"ru-RU","potentialAction":[{"@type":"ReadAction","target":["https:\/\/www.haarstudio-alena.de\/ru\/produkt\/mizellen-reinigungsschaum-200-ml\/"]}]},{"@type":"ImageObject","inLanguage":"ru-RU","@id":"https:\/\/www.haarstudio-alena.de\/ru\/produkt\/mizellen-reinigungsschaum-200-ml\/#primaryimage","url":"https:\/\/www.haarstudio-alena.de\/wp-content\/uploads\/2026\/03\/IMG_9759-\u0432\u043e\u0441\u0441\u0442\u0430\u043d\u043e\u0432\u043b\u0435\u043d\u043e-scaled.jpg","contentUrl":"https:\/\/www.haarstudio-alena.de\/wp-content\/uploads\/2026\/03\/IMG_9759-\u0432\u043e\u0441\u0441\u0442\u0430\u043d\u043e\u0432\u043b\u0435\u043d\u043e-scaled.jpg","width":1707,"height":2560},{"@type":"BreadcrumbList","@id":"https:\/\/www.haarstudio-alena.de\/ru\/produkt\/mizellen-reinigungsschaum-200-ml\/#breadcrumb","itemListElement":[{"@type":"ListItem","position":1,"name":"Startseite","item":"https:\/\/www.haarstudio-alena.de\/ru\/"},{"@type":"ListItem","position":2,"name":"Shop","item":"https:\/\/www.haarstudio-alena.de\/ru\/shop-2\/"},{"@type":"ListItem","position":3,"name":"MIZELLEN REINIGUNGSSCHAUM \u2013 200 ML"}]},{"@type":"WebSite","@id":"https:\/\/www.haarstudio-alena.de\/ru\/#website","url":"https:\/\/www.haarstudio-alena.de\/ru\/","name":"Haarstudio Alena","description":"Ihr Friseur in Heidelberg Kirchheim","publisher":{"@id":"https:\/\/www.haarstudio-alena.de\/ru\/#organization"},"potentialAction":[{"@type":"SearchAction","target":{"@type":"EntryPoint","urlTemplate":"https:\/\/www.haarstudio-alena.de\/ru\/?s={search_term_string}"},"query-input":{"@type":"PropertyValueSpecification","valueRequired":true,"valueName":"search_term_string"}}],"inLanguage":"ru-RU"},{"@type":"Organization","@id":"https:\/\/www.haarstudio-alena.de\/ru\/#organization","name":"Haarstudio Alena","url":"https:\/\/www.haarstudio-alena.de\/ru\/","logo":{"@type":"ImageObject","inLanguage":"ru-RU","@id":"https:\/\/www.haarstudio-alena.de\/ru\/#\/schema\/logo\/image\/","url":"https:\/\/www.haarstudio-alena.de\/wp-content\/uploads\/2023\/09\/Haarstudio-Alena-Heidelberg-Kirchheim-Friseur.png","contentUrl":"https:\/\/www.haarstudio-alena.de\/wp-content\/uploads\/2023\/09\/Haarstudio-Alena-Heidelberg-Kirchheim-Friseur.png","width":400,"height":400,"caption":"Haarstudio Alena"},"image":{"@id":"https:\/\/www.haarstudio-alena.de\/ru\/#\/schema\/logo\/image\/"},"sameAs":["https:\/\/www.facebook.com\/haarstudioalena\/?locale=de_DE","https:\/\/www.instagram.com\/haarstudioalena\/?hl=de"]}]}},"_links":{"self":[{"href":"https:\/\/www.haarstudio-alena.de\/ru\/wp-json\/wp\/v2\/product\/16535","targetHints":{"allow":["GET"]}}],"collection":[{"href":"https:\/\/www.haarstudio-alena.de\/ru\/wp-json\/wp\/v2\/product"}],"about":[{"href":"https:\/\/www.haarstudio-alena.de\/ru\/wp-json\/wp\/v2\/types\/product"}],"replies":[{"embeddable":true,"href":"https:\/\/www.haarstudio-alena.de\/ru\/wp-json\/wp\/v2\/comments?post=16535"}],"version-history":[{"count":2,"href":"https:\/\/www.haarstudio-alena.de\/ru\/wp-json\/wp\/v2\/product\/16535\/revisions"}],"predecessor-version":[{"id":16537,"href":"https:\/\/www.haarstudio-alena.de\/ru\/wp-json\/wp\/v2\/product\/16535\/revisions\/16537"}],"wp:featuredmedia":[{"embeddable":true,"href":"https:\/\/www.haarstudio-alena.de\/ru\/wp-json\/wp\/v2\/media\/16650"}],"wp:attachment":[{"href":"https:\/\/www.haarstudio-alena.de\/ru\/wp-json\/wp\/v2\/media?parent=16535"}],"wp:term":[{"taxonomy":"product_brand","embeddable":true,"href":"https:\/\/www.haarstudio-alena.de\/ru\/wp-json\/wp\/v2\/product_brand?post=16535"},{"taxonomy":"product_cat","embeddable":true,"href":"https:\/\/www.haarstudio-alena.de\/ru\/wp-json\/wp\/v2\/product_cat?post=16535"},{"taxonomy":"product_tag","embeddable":true,"href":"https:\/\/www.haarstudio-alena.de\/ru\/wp-json\/wp\/v2\/product_tag?post=16535"}],"curies":[{"name":"wp","href":"https:\/\/api.w.org\/{rel}","templated":true}]}}