{"id":16560,"date":"2026-03-01T21:47:41","date_gmt":"2026-03-01T20:47:41","guid":{"rendered":"https:\/\/www.haarstudio-alena.de\/?post_type=product&#038;p=16560"},"modified":"2026-04-11T21:23:15","modified_gmt":"2026-04-11T19:23:15","slug":"mycoblock-serum-40-ml","status":"publish","type":"product","link":"https:\/\/www.haarstudio-alena.de\/ru\/produkt\/mycoblock-serum-40-ml\/","title":{"rendered":"MYCOBLOCK SERUM \u2013 40 ML"},"content":{"rendered":"<p>Die kraftvolle Zusammensetzung des Serums zerst\u00f6rt die Zellmembranen des Plizes perfekt und verhindert so dessen Entwicklung. Es st\u00e4rkt die Nogelplatte und stimuliert Ihre Regeneration.<\/p>\n<p>Anwendung Vor Gebrouch sch\u00fctteln. Trogen Sie eine kleine Menge Serum ouf und massieren Sie es gleichm\u00e4\u00dfig ein, bis es vollst\u00e4ndig eingezogen ist. 2-mal t\u00e4glich in Kombination mit MAVE Organic Oil und MAVE Organic Paste anwenden.<\/p>\n<p>INHALTSSTOFFE: Corbamid, Aloe Vera Gel, Keratin, D-Panthenol, Allantoin, Bisabolol, \u00e4therisches Teebaumol, Propolis-Extrakt, Monardo-Extrakt, Kamillenextrakt, Salbei-Extrakt, Weizenkeim\u00f6l, Sorbit, Xyliance.<\/p>\n<p>&nbsp;<\/p>\n","protected":false},"excerpt":{"rendered":"<p>Zerst\u00f6rt Zellmembranen von Pilzen, st\u00e4rkt die Nagelplatte.<\/p>\n","protected":false},"featured_media":16646,"comment_status":"closed","ping_status":"closed","template":"","meta":{"_joinchat":[]},"product_brand":[253],"product_cat":[271,260],"product_tag":[266],"class_list":{"0":"post-16560","1":"product","2":"type-product","3":"status-publish","4":"has-post-thumbnail","6":"product_brand-mave","7":"product_cat-professional","8":"product_cat-serum","9":"product_tag-serum","11":"first","12":"instock","13":"taxable","14":"shipping-taxable","15":"purchasable","16":"product-type-simple"},"yoast_head":"<!-- This site is optimized with the Yoast SEO plugin v26.9 - https:\/\/yoast.com\/product\/yoast-seo-wordpress\/ -->\n<title>MYCOBLOCK SERUM \u2013 40 ML - Haarstudio Alena<\/title>\n<meta name=\"description\" content=\"Verw\u00f6hnen Sie Ihr Haar mit unserem MYCOBLOCK SERUM \u2013 40 ML \u2013 f\u00fcr seidige Geschmeidigkeit und strahlenden Glanz. Perfekte Pflege f\u00fcr jeden Haartyp.\" \/>\n<meta name=\"robots\" content=\"index, follow, max-snippet:-1, max-image-preview:large, max-video-preview:-1\" \/>\n<link rel=\"canonical\" href=\"https:\/\/www.haarstudio-alena.de\/ru\/produkt\/mycoblock-serum-40-ml\/\" \/>\n<meta property=\"og:locale\" content=\"ru_RU\" \/>\n<meta property=\"og:type\" content=\"article\" \/>\n<meta property=\"og:title\" content=\"MYCOBLOCK SERUM \u2013 40 ML - Haarstudio Alena\" \/>\n<meta property=\"og:description\" content=\"Verw\u00f6hnen Sie Ihr Haar mit unserem MYCOBLOCK SERUM \u2013 40 ML \u2013 f\u00fcr seidige Geschmeidigkeit und strahlenden Glanz. Perfekte Pflege f\u00fcr jeden Haartyp.\" \/>\n<meta property=\"og:url\" content=\"https:\/\/www.haarstudio-alena.de\/ru\/produkt\/mycoblock-serum-40-ml\/\" \/>\n<meta property=\"og:site_name\" content=\"Haarstudio Alena\" \/>\n<meta property=\"article:publisher\" content=\"https:\/\/www.facebook.com\/haarstudioalena\/?locale=de_DE\" \/>\n<meta property=\"article:modified_time\" content=\"2026-04-11T19:23:15+00:00\" \/>\n<meta property=\"og:image\" content=\"https:\/\/www.haarstudio-alena.de\/wp-content\/uploads\/2026\/03\/IMG_9801-\u0432\u043e\u0441\u0441\u0442\u0430\u043d\u043e\u0432\u043b\u0435\u043d\u043e-scaled.jpg\" \/>\n\t<meta property=\"og:image:width\" content=\"1707\" \/>\n\t<meta property=\"og:image:height\" content=\"2560\" \/>\n\t<meta property=\"og:image:type\" content=\"image\/jpeg\" \/>\n<meta name=\"twitter:card\" content=\"summary_large_image\" \/>\n<meta name=\"twitter:label1\" content=\"\u041f\u0440\u0438\u043c\u0435\u0440\u043d\u043e\u0435 \u0432\u0440\u0435\u043c\u044f \u0434\u043b\u044f \u0447\u0442\u0435\u043d\u0438\u044f\" \/>\n\t<meta name=\"twitter:data1\" content=\"1 \u043c\u0438\u043d\u0443\u0442\u0430\" \/>\n<script type=\"application\/ld+json\" class=\"yoast-schema-graph\">{\"@context\":\"https:\/\/schema.org\",\"@graph\":[{\"@type\":\"WebPage\",\"@id\":\"https:\/\/www.haarstudio-alena.de\/ru\/produkt\/mycoblock-serum-40-ml\/\",\"url\":\"https:\/\/www.haarstudio-alena.de\/ru\/produkt\/mycoblock-serum-40-ml\/\",\"name\":\"MYCOBLOCK SERUM \u2013 40 ML - Haarstudio Alena\",\"isPartOf\":{\"@id\":\"https:\/\/www.haarstudio-alena.de\/ru\/#website\"},\"primaryImageOfPage\":{\"@id\":\"https:\/\/www.haarstudio-alena.de\/ru\/produkt\/mycoblock-serum-40-ml\/#primaryimage\"},\"image\":{\"@id\":\"https:\/\/www.haarstudio-alena.de\/ru\/produkt\/mycoblock-serum-40-ml\/#primaryimage\"},\"thumbnailUrl\":\"https:\/\/www.haarstudio-alena.de\/wp-content\/uploads\/2026\/03\/IMG_9801-\u0432\u043e\u0441\u0441\u0442\u0430\u043d\u043e\u0432\u043b\u0435\u043d\u043e-scaled.jpg\",\"datePublished\":\"2026-03-01T20:47:41+00:00\",\"dateModified\":\"2026-04-11T19:23:15+00:00\",\"description\":\"Verw\u00f6hnen Sie Ihr Haar mit unserem MYCOBLOCK SERUM \u2013 40 ML \u2013 f\u00fcr seidige Geschmeidigkeit und strahlenden Glanz. Perfekte Pflege f\u00fcr jeden Haartyp.\",\"breadcrumb\":{\"@id\":\"https:\/\/www.haarstudio-alena.de\/ru\/produkt\/mycoblock-serum-40-ml\/#breadcrumb\"},\"inLanguage\":\"ru-RU\",\"potentialAction\":[{\"@type\":\"ReadAction\",\"target\":[\"https:\/\/www.haarstudio-alena.de\/ru\/produkt\/mycoblock-serum-40-ml\/\"]}]},{\"@type\":\"ImageObject\",\"inLanguage\":\"ru-RU\",\"@id\":\"https:\/\/www.haarstudio-alena.de\/ru\/produkt\/mycoblock-serum-40-ml\/#primaryimage\",\"url\":\"https:\/\/www.haarstudio-alena.de\/wp-content\/uploads\/2026\/03\/IMG_9801-\u0432\u043e\u0441\u0441\u0442\u0430\u043d\u043e\u0432\u043b\u0435\u043d\u043e-scaled.jpg\",\"contentUrl\":\"https:\/\/www.haarstudio-alena.de\/wp-content\/uploads\/2026\/03\/IMG_9801-\u0432\u043e\u0441\u0441\u0442\u0430\u043d\u043e\u0432\u043b\u0435\u043d\u043e-scaled.jpg\",\"width\":1707,\"height\":2560},{\"@type\":\"BreadcrumbList\",\"@id\":\"https:\/\/www.haarstudio-alena.de\/ru\/produkt\/mycoblock-serum-40-ml\/#breadcrumb\",\"itemListElement\":[{\"@type\":\"ListItem\",\"position\":1,\"name\":\"Startseite\",\"item\":\"https:\/\/www.haarstudio-alena.de\/ru\/\"},{\"@type\":\"ListItem\",\"position\":2,\"name\":\"Shop\",\"item\":\"https:\/\/www.haarstudio-alena.de\/ru\/shop-2\/\"},{\"@type\":\"ListItem\",\"position\":3,\"name\":\"MYCOBLOCK SERUM \u2013 40 ML\"}]},{\"@type\":\"WebSite\",\"@id\":\"https:\/\/www.haarstudio-alena.de\/ru\/#website\",\"url\":\"https:\/\/www.haarstudio-alena.de\/ru\/\",\"name\":\"Haarstudio Alena\",\"description\":\"Ihr Friseur in Heidelberg Kirchheim\",\"publisher\":{\"@id\":\"https:\/\/www.haarstudio-alena.de\/ru\/#organization\"},\"potentialAction\":[{\"@type\":\"SearchAction\",\"target\":{\"@type\":\"EntryPoint\",\"urlTemplate\":\"https:\/\/www.haarstudio-alena.de\/ru\/?s={search_term_string}\"},\"query-input\":{\"@type\":\"PropertyValueSpecification\",\"valueRequired\":true,\"valueName\":\"search_term_string\"}}],\"inLanguage\":\"ru-RU\"},{\"@type\":\"Organization\",\"@id\":\"https:\/\/www.haarstudio-alena.de\/ru\/#organization\",\"name\":\"Haarstudio Alena\",\"url\":\"https:\/\/www.haarstudio-alena.de\/ru\/\",\"logo\":{\"@type\":\"ImageObject\",\"inLanguage\":\"ru-RU\",\"@id\":\"https:\/\/www.haarstudio-alena.de\/ru\/#\/schema\/logo\/image\/\",\"url\":\"https:\/\/www.haarstudio-alena.de\/wp-content\/uploads\/2023\/09\/Haarstudio-Alena-Heidelberg-Kirchheim-Friseur.png\",\"contentUrl\":\"https:\/\/www.haarstudio-alena.de\/wp-content\/uploads\/2023\/09\/Haarstudio-Alena-Heidelberg-Kirchheim-Friseur.png\",\"width\":400,\"height\":400,\"caption\":\"Haarstudio Alena\"},\"image\":{\"@id\":\"https:\/\/www.haarstudio-alena.de\/ru\/#\/schema\/logo\/image\/\"},\"sameAs\":[\"https:\/\/www.facebook.com\/haarstudioalena\/?locale=de_DE\",\"https:\/\/www.instagram.com\/haarstudioalena\/?hl=de\"]}]}<\/script>\n<!-- \/ Yoast SEO plugin. -->","yoast_head_json":{"title":"MYCOBLOCK SERUM \u2013 40 ML - Haarstudio Alena","description":"Verw\u00f6hnen Sie Ihr Haar mit unserem MYCOBLOCK SERUM \u2013 40 ML \u2013 f\u00fcr seidige Geschmeidigkeit und strahlenden Glanz. Perfekte Pflege f\u00fcr jeden Haartyp.","robots":{"index":"index","follow":"follow","max-snippet":"max-snippet:-1","max-image-preview":"max-image-preview:large","max-video-preview":"max-video-preview:-1"},"canonical":"https:\/\/www.haarstudio-alena.de\/ru\/produkt\/mycoblock-serum-40-ml\/","og_locale":"ru_RU","og_type":"article","og_title":"MYCOBLOCK SERUM \u2013 40 ML - Haarstudio Alena","og_description":"Verw\u00f6hnen Sie Ihr Haar mit unserem MYCOBLOCK SERUM \u2013 40 ML \u2013 f\u00fcr seidige Geschmeidigkeit und strahlenden Glanz. Perfekte Pflege f\u00fcr jeden Haartyp.","og_url":"https:\/\/www.haarstudio-alena.de\/ru\/produkt\/mycoblock-serum-40-ml\/","og_site_name":"Haarstudio Alena","article_publisher":"https:\/\/www.facebook.com\/haarstudioalena\/?locale=de_DE","article_modified_time":"2026-04-11T19:23:15+00:00","og_image":[{"width":1707,"height":2560,"url":"https:\/\/www.haarstudio-alena.de\/wp-content\/uploads\/2026\/03\/IMG_9801-\u0432\u043e\u0441\u0441\u0442\u0430\u043d\u043e\u0432\u043b\u0435\u043d\u043e-scaled.jpg","type":"image\/jpeg"}],"twitter_card":"summary_large_image","twitter_misc":{"\u041f\u0440\u0438\u043c\u0435\u0440\u043d\u043e\u0435 \u0432\u0440\u0435\u043c\u044f \u0434\u043b\u044f \u0447\u0442\u0435\u043d\u0438\u044f":"1 \u043c\u0438\u043d\u0443\u0442\u0430"},"schema":{"@context":"https:\/\/schema.org","@graph":[{"@type":"WebPage","@id":"https:\/\/www.haarstudio-alena.de\/ru\/produkt\/mycoblock-serum-40-ml\/","url":"https:\/\/www.haarstudio-alena.de\/ru\/produkt\/mycoblock-serum-40-ml\/","name":"MYCOBLOCK SERUM \u2013 40 ML - Haarstudio Alena","isPartOf":{"@id":"https:\/\/www.haarstudio-alena.de\/ru\/#website"},"primaryImageOfPage":{"@id":"https:\/\/www.haarstudio-alena.de\/ru\/produkt\/mycoblock-serum-40-ml\/#primaryimage"},"image":{"@id":"https:\/\/www.haarstudio-alena.de\/ru\/produkt\/mycoblock-serum-40-ml\/#primaryimage"},"thumbnailUrl":"https:\/\/www.haarstudio-alena.de\/wp-content\/uploads\/2026\/03\/IMG_9801-\u0432\u043e\u0441\u0441\u0442\u0430\u043d\u043e\u0432\u043b\u0435\u043d\u043e-scaled.jpg","datePublished":"2026-03-01T20:47:41+00:00","dateModified":"2026-04-11T19:23:15+00:00","description":"Verw\u00f6hnen Sie Ihr Haar mit unserem MYCOBLOCK SERUM \u2013 40 ML \u2013 f\u00fcr seidige Geschmeidigkeit und strahlenden Glanz. Perfekte Pflege f\u00fcr jeden Haartyp.","breadcrumb":{"@id":"https:\/\/www.haarstudio-alena.de\/ru\/produkt\/mycoblock-serum-40-ml\/#breadcrumb"},"inLanguage":"ru-RU","potentialAction":[{"@type":"ReadAction","target":["https:\/\/www.haarstudio-alena.de\/ru\/produkt\/mycoblock-serum-40-ml\/"]}]},{"@type":"ImageObject","inLanguage":"ru-RU","@id":"https:\/\/www.haarstudio-alena.de\/ru\/produkt\/mycoblock-serum-40-ml\/#primaryimage","url":"https:\/\/www.haarstudio-alena.de\/wp-content\/uploads\/2026\/03\/IMG_9801-\u0432\u043e\u0441\u0441\u0442\u0430\u043d\u043e\u0432\u043b\u0435\u043d\u043e-scaled.jpg","contentUrl":"https:\/\/www.haarstudio-alena.de\/wp-content\/uploads\/2026\/03\/IMG_9801-\u0432\u043e\u0441\u0441\u0442\u0430\u043d\u043e\u0432\u043b\u0435\u043d\u043e-scaled.jpg","width":1707,"height":2560},{"@type":"BreadcrumbList","@id":"https:\/\/www.haarstudio-alena.de\/ru\/produkt\/mycoblock-serum-40-ml\/#breadcrumb","itemListElement":[{"@type":"ListItem","position":1,"name":"Startseite","item":"https:\/\/www.haarstudio-alena.de\/ru\/"},{"@type":"ListItem","position":2,"name":"Shop","item":"https:\/\/www.haarstudio-alena.de\/ru\/shop-2\/"},{"@type":"ListItem","position":3,"name":"MYCOBLOCK SERUM \u2013 40 ML"}]},{"@type":"WebSite","@id":"https:\/\/www.haarstudio-alena.de\/ru\/#website","url":"https:\/\/www.haarstudio-alena.de\/ru\/","name":"Haarstudio Alena","description":"Ihr Friseur in Heidelberg Kirchheim","publisher":{"@id":"https:\/\/www.haarstudio-alena.de\/ru\/#organization"},"potentialAction":[{"@type":"SearchAction","target":{"@type":"EntryPoint","urlTemplate":"https:\/\/www.haarstudio-alena.de\/ru\/?s={search_term_string}"},"query-input":{"@type":"PropertyValueSpecification","valueRequired":true,"valueName":"search_term_string"}}],"inLanguage":"ru-RU"},{"@type":"Organization","@id":"https:\/\/www.haarstudio-alena.de\/ru\/#organization","name":"Haarstudio Alena","url":"https:\/\/www.haarstudio-alena.de\/ru\/","logo":{"@type":"ImageObject","inLanguage":"ru-RU","@id":"https:\/\/www.haarstudio-alena.de\/ru\/#\/schema\/logo\/image\/","url":"https:\/\/www.haarstudio-alena.de\/wp-content\/uploads\/2023\/09\/Haarstudio-Alena-Heidelberg-Kirchheim-Friseur.png","contentUrl":"https:\/\/www.haarstudio-alena.de\/wp-content\/uploads\/2023\/09\/Haarstudio-Alena-Heidelberg-Kirchheim-Friseur.png","width":400,"height":400,"caption":"Haarstudio Alena"},"image":{"@id":"https:\/\/www.haarstudio-alena.de\/ru\/#\/schema\/logo\/image\/"},"sameAs":["https:\/\/www.facebook.com\/haarstudioalena\/?locale=de_DE","https:\/\/www.instagram.com\/haarstudioalena\/?hl=de"]}]}},"_links":{"self":[{"href":"https:\/\/www.haarstudio-alena.de\/ru\/wp-json\/wp\/v2\/product\/16560","targetHints":{"allow":["GET"]}}],"collection":[{"href":"https:\/\/www.haarstudio-alena.de\/ru\/wp-json\/wp\/v2\/product"}],"about":[{"href":"https:\/\/www.haarstudio-alena.de\/ru\/wp-json\/wp\/v2\/types\/product"}],"replies":[{"embeddable":true,"href":"https:\/\/www.haarstudio-alena.de\/ru\/wp-json\/wp\/v2\/comments?post=16560"}],"version-history":[{"count":3,"href":"https:\/\/www.haarstudio-alena.de\/ru\/wp-json\/wp\/v2\/product\/16560\/revisions"}],"predecessor-version":[{"id":16565,"href":"https:\/\/www.haarstudio-alena.de\/ru\/wp-json\/wp\/v2\/product\/16560\/revisions\/16565"}],"wp:featuredmedia":[{"embeddable":true,"href":"https:\/\/www.haarstudio-alena.de\/ru\/wp-json\/wp\/v2\/media\/16646"}],"wp:attachment":[{"href":"https:\/\/www.haarstudio-alena.de\/ru\/wp-json\/wp\/v2\/media?parent=16560"}],"wp:term":[{"taxonomy":"product_brand","embeddable":true,"href":"https:\/\/www.haarstudio-alena.de\/ru\/wp-json\/wp\/v2\/product_brand?post=16560"},{"taxonomy":"product_cat","embeddable":true,"href":"https:\/\/www.haarstudio-alena.de\/ru\/wp-json\/wp\/v2\/product_cat?post=16560"},{"taxonomy":"product_tag","embeddable":true,"href":"https:\/\/www.haarstudio-alena.de\/ru\/wp-json\/wp\/v2\/product_tag?post=16560"}],"curies":[{"name":"wp","href":"https:\/\/api.w.org\/{rel}","templated":true}]}}