{"id":16577,"date":"2026-03-01T22:08:01","date_gmt":"2026-03-01T21:08:01","guid":{"rendered":"https:\/\/www.haarstudio-alena.de\/?post_type=product&#038;p=16577"},"modified":"2026-04-11T21:16:10","modified_gmt":"2026-04-11T19:16:10","slug":"mave-28-anti-aging-creme-30-ml","status":"publish","type":"product","link":"https:\/\/www.haarstudio-alena.de\/ru\/produkt\/mave-28-anti-aging-creme-30-ml\/","title":{"rendered":"MAVE 28 Anti-Aging Creme 30 ml"},"content":{"rendered":"<p>28 Anti-Aging Wirkstoffe f\u00fcr glatte &amp; straffe Haut- Synergetische Kombination aus Peptiden, Probiotika, pflanzlichen Extrakten und Feuchtigkeitsspendern \u2013 ideal als Anti-Aging Creme, Faltencreme und straffende Gesichtspflege f\u00fcr reife und m\u00fcde Haut.<\/p>\n<p>Innovativer Massage-Roller f\u00fcr bessere Absorption- Der integrierte Massage-Applikator f\u00f6rdert Mikrozirkulation, verbessert die Aufnahme der Wirkstoffe und unterst\u00fctzt die Reduktion von Falten. Perfekt als Anti-Falten Pflege f\u00fcr Gesicht, Hals und Augenbereich.<\/p>\n<p>Intensive Feuchtigkeitspflege mit Peptiden &amp; Hyaluron- Hochwertige Anti-Aging Formel mit Niacinamid, Ceramiden, Panthenol und Hyalurons\u00e4ure spendet langanhaltende Feuchtigkeit, st\u00e4rkt die Hautbarriere und sorgt f\u00fcr ein glatteres, pralleres Hautbild.<\/p>\n<p>Geeignet f\u00fcr alle Hauttypen \u2013 auch empfindliche Haut Leichte, schnell einziehende Textur ohne Fettfilm. Optimal f\u00fcr trockene, empfindliche, Mischhaut oder reife Haut. Als Tages- und Nachtpflege einsetzbar, auch als Augencreme oder Halscreme.<\/p>\n<p>Saubere Premium-Formel ohne unn\u00f6tige Zus\u00e4tze Wasserfrei, parabenfrei, alkoholfrei, silikonfrei, mineral\u00f6lfrei, mikroplastikfrei \u2013 moderne Clean-Beauty Gesichtspflege f\u00fcr t\u00e4gliche Anwendung, ideal f\u00fcr Anti-Aging, Hautstraffung und Feuchtigkeitsversorgung.<\/p>\n<p>Inhaltsstoffe: Niacinamid, Acetyl Hexapeptid-8, Palmitoyl Tripeptid-5, Ceramid NP, Hyaluronat, Bifida Fermentlysat, Gr\u00fcner Tee-Extrakt, Centella Asiatica, Hibiskus-Extrakt, Resveratrol \u2013 ein komplettes Pflegeerlebnis f\u00fcr jugendlich strahlende Haut.<\/p>\n","protected":false},"excerpt":{"rendered":"<p>Luxuspflege f\u00fcr straffe, strahlende Haut<\/p>\n","protected":false},"featured_media":16644,"comment_status":"closed","ping_status":"closed","template":"","meta":{"_joinchat":[]},"product_brand":[253],"product_cat":[275],"product_tag":[274],"class_list":{"0":"post-16577","1":"product","2":"type-product","3":"status-publish","4":"has-post-thumbnail","6":"product_brand-mave","7":"product_cat-creme","8":"product_tag-creme","10":"first","11":"instock","12":"taxable","13":"shipping-taxable","14":"purchasable","15":"product-type-simple"},"yoast_head":"<!-- This site is optimized with the Yoast SEO plugin v26.9 - https:\/\/yoast.com\/product\/yoast-seo-wordpress\/ -->\n<title>MAVE 28 Anti-Aging Creme 30 ml - Haarstudio Alena<\/title>\n<meta name=\"description\" content=\"Verw\u00f6hnen Sie Ihr Haar mit unserem MAVE 28 Anti-Aging Creme 30 ml \u2013 f\u00fcr seidige Geschmeidigkeit und strahlenden Glanz. Perfekte Pflege f\u00fcr jeden Haartyp.\" \/>\n<meta name=\"robots\" content=\"index, follow, max-snippet:-1, max-image-preview:large, max-video-preview:-1\" \/>\n<link rel=\"canonical\" href=\"https:\/\/www.haarstudio-alena.de\/ru\/produkt\/mave-28-anti-aging-creme-30-ml\/\" \/>\n<meta property=\"og:locale\" content=\"ru_RU\" \/>\n<meta property=\"og:type\" content=\"article\" \/>\n<meta property=\"og:title\" content=\"MAVE 28 Anti-Aging Creme 30 ml - Haarstudio Alena\" \/>\n<meta property=\"og:description\" content=\"Verw\u00f6hnen Sie Ihr Haar mit unserem MAVE 28 Anti-Aging Creme 30 ml \u2013 f\u00fcr seidige Geschmeidigkeit und strahlenden Glanz. Perfekte Pflege f\u00fcr jeden Haartyp.\" \/>\n<meta property=\"og:url\" content=\"https:\/\/www.haarstudio-alena.de\/ru\/produkt\/mave-28-anti-aging-creme-30-ml\/\" \/>\n<meta property=\"og:site_name\" content=\"Haarstudio Alena\" \/>\n<meta property=\"article:publisher\" content=\"https:\/\/www.facebook.com\/haarstudioalena\/?locale=de_DE\" \/>\n<meta property=\"article:modified_time\" content=\"2026-04-11T19:16:10+00:00\" \/>\n<meta property=\"og:image\" content=\"https:\/\/www.haarstudio-alena.de\/wp-content\/uploads\/2026\/03\/IMG_9743-scaled.jpg\" \/>\n\t<meta property=\"og:image:width\" content=\"1707\" \/>\n\t<meta property=\"og:image:height\" content=\"2560\" \/>\n\t<meta property=\"og:image:type\" content=\"image\/jpeg\" \/>\n<meta name=\"twitter:card\" content=\"summary_large_image\" \/>\n<meta name=\"twitter:label1\" content=\"\u041f\u0440\u0438\u043c\u0435\u0440\u043d\u043e\u0435 \u0432\u0440\u0435\u043c\u044f \u0434\u043b\u044f \u0447\u0442\u0435\u043d\u0438\u044f\" \/>\n\t<meta name=\"twitter:data1\" content=\"2 \u043c\u0438\u043d\u0443\u0442\u044b\" \/>\n<script type=\"application\/ld+json\" class=\"yoast-schema-graph\">{\"@context\":\"https:\/\/schema.org\",\"@graph\":[{\"@type\":\"WebPage\",\"@id\":\"https:\/\/www.haarstudio-alena.de\/ru\/produkt\/mave-28-anti-aging-creme-30-ml\/\",\"url\":\"https:\/\/www.haarstudio-alena.de\/ru\/produkt\/mave-28-anti-aging-creme-30-ml\/\",\"name\":\"MAVE 28 Anti-Aging Creme 30 ml - Haarstudio Alena\",\"isPartOf\":{\"@id\":\"https:\/\/www.haarstudio-alena.de\/ru\/#website\"},\"primaryImageOfPage\":{\"@id\":\"https:\/\/www.haarstudio-alena.de\/ru\/produkt\/mave-28-anti-aging-creme-30-ml\/#primaryimage\"},\"image\":{\"@id\":\"https:\/\/www.haarstudio-alena.de\/ru\/produkt\/mave-28-anti-aging-creme-30-ml\/#primaryimage\"},\"thumbnailUrl\":\"https:\/\/www.haarstudio-alena.de\/wp-content\/uploads\/2026\/03\/IMG_9743-scaled.jpg\",\"datePublished\":\"2026-03-01T21:08:01+00:00\",\"dateModified\":\"2026-04-11T19:16:10+00:00\",\"description\":\"Verw\u00f6hnen Sie Ihr Haar mit unserem MAVE 28 Anti-Aging Creme 30 ml \u2013 f\u00fcr seidige Geschmeidigkeit und strahlenden Glanz. Perfekte Pflege f\u00fcr jeden Haartyp.\",\"breadcrumb\":{\"@id\":\"https:\/\/www.haarstudio-alena.de\/ru\/produkt\/mave-28-anti-aging-creme-30-ml\/#breadcrumb\"},\"inLanguage\":\"ru-RU\",\"potentialAction\":[{\"@type\":\"ReadAction\",\"target\":[\"https:\/\/www.haarstudio-alena.de\/ru\/produkt\/mave-28-anti-aging-creme-30-ml\/\"]}]},{\"@type\":\"ImageObject\",\"inLanguage\":\"ru-RU\",\"@id\":\"https:\/\/www.haarstudio-alena.de\/ru\/produkt\/mave-28-anti-aging-creme-30-ml\/#primaryimage\",\"url\":\"https:\/\/www.haarstudio-alena.de\/wp-content\/uploads\/2026\/03\/IMG_9743-scaled.jpg\",\"contentUrl\":\"https:\/\/www.haarstudio-alena.de\/wp-content\/uploads\/2026\/03\/IMG_9743-scaled.jpg\",\"width\":1707,\"height\":2560},{\"@type\":\"BreadcrumbList\",\"@id\":\"https:\/\/www.haarstudio-alena.de\/ru\/produkt\/mave-28-anti-aging-creme-30-ml\/#breadcrumb\",\"itemListElement\":[{\"@type\":\"ListItem\",\"position\":1,\"name\":\"Startseite\",\"item\":\"https:\/\/www.haarstudio-alena.de\/ru\/\"},{\"@type\":\"ListItem\",\"position\":2,\"name\":\"Shop\",\"item\":\"https:\/\/www.haarstudio-alena.de\/ru\/shop-2\/\"},{\"@type\":\"ListItem\",\"position\":3,\"name\":\"MAVE 28 Anti-Aging Creme 30 ml\"}]},{\"@type\":\"WebSite\",\"@id\":\"https:\/\/www.haarstudio-alena.de\/ru\/#website\",\"url\":\"https:\/\/www.haarstudio-alena.de\/ru\/\",\"name\":\"Haarstudio Alena\",\"description\":\"Ihr Friseur in Heidelberg Kirchheim\",\"publisher\":{\"@id\":\"https:\/\/www.haarstudio-alena.de\/ru\/#organization\"},\"potentialAction\":[{\"@type\":\"SearchAction\",\"target\":{\"@type\":\"EntryPoint\",\"urlTemplate\":\"https:\/\/www.haarstudio-alena.de\/ru\/?s={search_term_string}\"},\"query-input\":{\"@type\":\"PropertyValueSpecification\",\"valueRequired\":true,\"valueName\":\"search_term_string\"}}],\"inLanguage\":\"ru-RU\"},{\"@type\":\"Organization\",\"@id\":\"https:\/\/www.haarstudio-alena.de\/ru\/#organization\",\"name\":\"Haarstudio Alena\",\"url\":\"https:\/\/www.haarstudio-alena.de\/ru\/\",\"logo\":{\"@type\":\"ImageObject\",\"inLanguage\":\"ru-RU\",\"@id\":\"https:\/\/www.haarstudio-alena.de\/ru\/#\/schema\/logo\/image\/\",\"url\":\"https:\/\/www.haarstudio-alena.de\/wp-content\/uploads\/2023\/09\/Haarstudio-Alena-Heidelberg-Kirchheim-Friseur.png\",\"contentUrl\":\"https:\/\/www.haarstudio-alena.de\/wp-content\/uploads\/2023\/09\/Haarstudio-Alena-Heidelberg-Kirchheim-Friseur.png\",\"width\":400,\"height\":400,\"caption\":\"Haarstudio Alena\"},\"image\":{\"@id\":\"https:\/\/www.haarstudio-alena.de\/ru\/#\/schema\/logo\/image\/\"},\"sameAs\":[\"https:\/\/www.facebook.com\/haarstudioalena\/?locale=de_DE\",\"https:\/\/www.instagram.com\/haarstudioalena\/?hl=de\"]}]}<\/script>\n<!-- \/ Yoast SEO plugin. -->","yoast_head_json":{"title":"MAVE 28 Anti-Aging Creme 30 ml - Haarstudio Alena","description":"Verw\u00f6hnen Sie Ihr Haar mit unserem MAVE 28 Anti-Aging Creme 30 ml \u2013 f\u00fcr seidige Geschmeidigkeit und strahlenden Glanz. Perfekte Pflege f\u00fcr jeden Haartyp.","robots":{"index":"index","follow":"follow","max-snippet":"max-snippet:-1","max-image-preview":"max-image-preview:large","max-video-preview":"max-video-preview:-1"},"canonical":"https:\/\/www.haarstudio-alena.de\/ru\/produkt\/mave-28-anti-aging-creme-30-ml\/","og_locale":"ru_RU","og_type":"article","og_title":"MAVE 28 Anti-Aging Creme 30 ml - Haarstudio Alena","og_description":"Verw\u00f6hnen Sie Ihr Haar mit unserem MAVE 28 Anti-Aging Creme 30 ml \u2013 f\u00fcr seidige Geschmeidigkeit und strahlenden Glanz. Perfekte Pflege f\u00fcr jeden Haartyp.","og_url":"https:\/\/www.haarstudio-alena.de\/ru\/produkt\/mave-28-anti-aging-creme-30-ml\/","og_site_name":"Haarstudio Alena","article_publisher":"https:\/\/www.facebook.com\/haarstudioalena\/?locale=de_DE","article_modified_time":"2026-04-11T19:16:10+00:00","og_image":[{"width":1707,"height":2560,"url":"https:\/\/www.haarstudio-alena.de\/wp-content\/uploads\/2026\/03\/IMG_9743-scaled.jpg","type":"image\/jpeg"}],"twitter_card":"summary_large_image","twitter_misc":{"\u041f\u0440\u0438\u043c\u0435\u0440\u043d\u043e\u0435 \u0432\u0440\u0435\u043c\u044f \u0434\u043b\u044f \u0447\u0442\u0435\u043d\u0438\u044f":"2 \u043c\u0438\u043d\u0443\u0442\u044b"},"schema":{"@context":"https:\/\/schema.org","@graph":[{"@type":"WebPage","@id":"https:\/\/www.haarstudio-alena.de\/ru\/produkt\/mave-28-anti-aging-creme-30-ml\/","url":"https:\/\/www.haarstudio-alena.de\/ru\/produkt\/mave-28-anti-aging-creme-30-ml\/","name":"MAVE 28 Anti-Aging Creme 30 ml - Haarstudio Alena","isPartOf":{"@id":"https:\/\/www.haarstudio-alena.de\/ru\/#website"},"primaryImageOfPage":{"@id":"https:\/\/www.haarstudio-alena.de\/ru\/produkt\/mave-28-anti-aging-creme-30-ml\/#primaryimage"},"image":{"@id":"https:\/\/www.haarstudio-alena.de\/ru\/produkt\/mave-28-anti-aging-creme-30-ml\/#primaryimage"},"thumbnailUrl":"https:\/\/www.haarstudio-alena.de\/wp-content\/uploads\/2026\/03\/IMG_9743-scaled.jpg","datePublished":"2026-03-01T21:08:01+00:00","dateModified":"2026-04-11T19:16:10+00:00","description":"Verw\u00f6hnen Sie Ihr Haar mit unserem MAVE 28 Anti-Aging Creme 30 ml \u2013 f\u00fcr seidige Geschmeidigkeit und strahlenden Glanz. Perfekte Pflege f\u00fcr jeden Haartyp.","breadcrumb":{"@id":"https:\/\/www.haarstudio-alena.de\/ru\/produkt\/mave-28-anti-aging-creme-30-ml\/#breadcrumb"},"inLanguage":"ru-RU","potentialAction":[{"@type":"ReadAction","target":["https:\/\/www.haarstudio-alena.de\/ru\/produkt\/mave-28-anti-aging-creme-30-ml\/"]}]},{"@type":"ImageObject","inLanguage":"ru-RU","@id":"https:\/\/www.haarstudio-alena.de\/ru\/produkt\/mave-28-anti-aging-creme-30-ml\/#primaryimage","url":"https:\/\/www.haarstudio-alena.de\/wp-content\/uploads\/2026\/03\/IMG_9743-scaled.jpg","contentUrl":"https:\/\/www.haarstudio-alena.de\/wp-content\/uploads\/2026\/03\/IMG_9743-scaled.jpg","width":1707,"height":2560},{"@type":"BreadcrumbList","@id":"https:\/\/www.haarstudio-alena.de\/ru\/produkt\/mave-28-anti-aging-creme-30-ml\/#breadcrumb","itemListElement":[{"@type":"ListItem","position":1,"name":"Startseite","item":"https:\/\/www.haarstudio-alena.de\/ru\/"},{"@type":"ListItem","position":2,"name":"Shop","item":"https:\/\/www.haarstudio-alena.de\/ru\/shop-2\/"},{"@type":"ListItem","position":3,"name":"MAVE 28 Anti-Aging Creme 30 ml"}]},{"@type":"WebSite","@id":"https:\/\/www.haarstudio-alena.de\/ru\/#website","url":"https:\/\/www.haarstudio-alena.de\/ru\/","name":"Haarstudio Alena","description":"Ihr Friseur in Heidelberg Kirchheim","publisher":{"@id":"https:\/\/www.haarstudio-alena.de\/ru\/#organization"},"potentialAction":[{"@type":"SearchAction","target":{"@type":"EntryPoint","urlTemplate":"https:\/\/www.haarstudio-alena.de\/ru\/?s={search_term_string}"},"query-input":{"@type":"PropertyValueSpecification","valueRequired":true,"valueName":"search_term_string"}}],"inLanguage":"ru-RU"},{"@type":"Organization","@id":"https:\/\/www.haarstudio-alena.de\/ru\/#organization","name":"Haarstudio Alena","url":"https:\/\/www.haarstudio-alena.de\/ru\/","logo":{"@type":"ImageObject","inLanguage":"ru-RU","@id":"https:\/\/www.haarstudio-alena.de\/ru\/#\/schema\/logo\/image\/","url":"https:\/\/www.haarstudio-alena.de\/wp-content\/uploads\/2023\/09\/Haarstudio-Alena-Heidelberg-Kirchheim-Friseur.png","contentUrl":"https:\/\/www.haarstudio-alena.de\/wp-content\/uploads\/2023\/09\/Haarstudio-Alena-Heidelberg-Kirchheim-Friseur.png","width":400,"height":400,"caption":"Haarstudio Alena"},"image":{"@id":"https:\/\/www.haarstudio-alena.de\/ru\/#\/schema\/logo\/image\/"},"sameAs":["https:\/\/www.facebook.com\/haarstudioalena\/?locale=de_DE","https:\/\/www.instagram.com\/haarstudioalena\/?hl=de"]}]}},"_links":{"self":[{"href":"https:\/\/www.haarstudio-alena.de\/ru\/wp-json\/wp\/v2\/product\/16577","targetHints":{"allow":["GET"]}}],"collection":[{"href":"https:\/\/www.haarstudio-alena.de\/ru\/wp-json\/wp\/v2\/product"}],"about":[{"href":"https:\/\/www.haarstudio-alena.de\/ru\/wp-json\/wp\/v2\/types\/product"}],"replies":[{"embeddable":true,"href":"https:\/\/www.haarstudio-alena.de\/ru\/wp-json\/wp\/v2\/comments?post=16577"}],"version-history":[{"count":2,"href":"https:\/\/www.haarstudio-alena.de\/ru\/wp-json\/wp\/v2\/product\/16577\/revisions"}],"predecessor-version":[{"id":16582,"href":"https:\/\/www.haarstudio-alena.de\/ru\/wp-json\/wp\/v2\/product\/16577\/revisions\/16582"}],"wp:featuredmedia":[{"embeddable":true,"href":"https:\/\/www.haarstudio-alena.de\/ru\/wp-json\/wp\/v2\/media\/16644"}],"wp:attachment":[{"href":"https:\/\/www.haarstudio-alena.de\/ru\/wp-json\/wp\/v2\/media?parent=16577"}],"wp:term":[{"taxonomy":"product_brand","embeddable":true,"href":"https:\/\/www.haarstudio-alena.de\/ru\/wp-json\/wp\/v2\/product_brand?post=16577"},{"taxonomy":"product_cat","embeddable":true,"href":"https:\/\/www.haarstudio-alena.de\/ru\/wp-json\/wp\/v2\/product_cat?post=16577"},{"taxonomy":"product_tag","embeddable":true,"href":"https:\/\/www.haarstudio-alena.de\/ru\/wp-json\/wp\/v2\/product_tag?post=16577"}],"curies":[{"name":"wp","href":"https:\/\/api.w.org\/{rel}","templated":true}]}}