{"id":16655,"date":"2026-04-11T21:42:26","date_gmt":"2026-04-11T19:42:26","guid":{"rendered":"https:\/\/www.haarstudio-alena.de\/?post_type=product&#038;p=16655"},"modified":"2026-04-11T21:45:35","modified_gmt":"2026-04-11T19:45:35","slug":"mizellen-tuecher-50-stueck","status":"publish","type":"product","link":"https:\/\/www.haarstudio-alena.de\/ru\/produkt\/mizellen-tuecher-50-stueck\/","title":{"rendered":"MIZELLEN T\u00dcCHER \u2013 50 ST\u00dcCK"},"content":{"rendered":"<p>Die besondere Formel der Mave Mizellen T\u00fccher dienen zur Reinigung und Pflege der Haut \u00fcberall und jederzeit. Auch f\u00fcr sensible Haut geeignet.<\/p>\n<p>Diese gebrauchsfertigen weichen T\u00fccher sind mit sanfter Mizellen-Reinigungsfl\u00fcssigkeit, 100 % Monarda Serum, Teebaum\u00f6l, Papain und Hyalurons\u00e4ure getr\u00e4nkt.<\/p>\n<p>Die Mave T\u00fccher verf\u00fcgen \u00fcber antiseptische Eigenschaften, entfernen Unreinheiten, Make-up, Staub, unangenehme Ger\u00fcche, reduzieren die Schwei\u00dfbildung und versorgen die Haut gleichzeitig mit Feuchtigkeit mit einem erfrischenden Duft.<\/p>\n<p>Bei der professionellen Smart-Pedik\u00fcre oder der Manik\u00fcre werden die T\u00fccher zur Entfernung von Staub, Befeuchtung und Pflege der Haut verwendet. Der Feuchtigkeitsspender versorgt die Haut bei jeder Reinigung mit Feuchtigkeit. Somit f\u00fchlt sich die Haut nach der Reinigung nicht trocken und strapaziert an, sondern erfrischt, rein und sp\u00fcrbar geschmeidig.<\/p>\n<p>&nbsp;<\/p>\n<p>Dank des wieder verschlie\u00dfbaren Ventils auf der Verpackung speichern die T\u00fccher die Feuchtigkeit lange und trocknen nicht aus. Auch bei der Anwendung bleiben die T\u00fccher extra lange feucht.<\/p>\n<p><strong>Inhaltsstoffe:<\/strong>\u00a0Destiliertes Wasser, Glycerin, Poloxamer 407, Monarad-Serum, Teebaum\u00f6l, Papain, Propylenglykol, Chlorphenesin, Hyalurons\u00e4ure<\/p>\n","protected":false},"excerpt":{"rendered":"<p>Die besondere Formel der Mave Mizellen T\u00fccher dienen zur Reinigung und Pflege der Haut \u00fcberall und jederzeit. Auch f\u00fcr sensible<\/p>\n","protected":false},"featured_media":16657,"comment_status":"closed","ping_status":"closed","template":"","meta":{"_joinchat":[]},"product_brand":[253],"product_cat":[257,263],"product_tag":[276],"class_list":{"0":"post-16655","1":"product","2":"type-product","3":"status-publish","4":"has-post-thumbnail","6":"product_brand-mave","7":"product_cat-pflege","8":"product_cat-reinigung","9":"product_tag-reinigung","11":"first","12":"instock","13":"taxable","14":"shipping-taxable","15":"purchasable","16":"product-type-simple"},"yoast_head":"<!-- This site is optimized with the Yoast SEO plugin v26.9 - https:\/\/yoast.com\/product\/yoast-seo-wordpress\/ -->\n<title>MIZELLEN T\u00dcCHER \u2013 50 ST\u00dcCK - Haarstudio Alena<\/title>\n<meta name=\"description\" content=\"Verw\u00f6hnen Sie Ihr Haar mit unserem MIZELLEN T\u00dcCHER \u2013 50 ST\u00dcCK \u2013 f\u00fcr seidige Geschmeidigkeit und strahlenden Glanz. Perfekte Pflege f\u00fcr jeden Haartyp.\" \/>\n<meta name=\"robots\" content=\"index, follow, max-snippet:-1, max-image-preview:large, max-video-preview:-1\" \/>\n<link rel=\"canonical\" href=\"https:\/\/www.haarstudio-alena.de\/ru\/produkt\/mizellen-tuecher-50-stueck\/\" \/>\n<meta property=\"og:locale\" content=\"ru_RU\" \/>\n<meta property=\"og:type\" content=\"article\" \/>\n<meta property=\"og:title\" content=\"MIZELLEN T\u00dcCHER \u2013 50 ST\u00dcCK - Haarstudio Alena\" \/>\n<meta property=\"og:description\" content=\"Verw\u00f6hnen Sie Ihr Haar mit unserem MIZELLEN T\u00dcCHER \u2013 50 ST\u00dcCK \u2013 f\u00fcr seidige Geschmeidigkeit und strahlenden Glanz. Perfekte Pflege f\u00fcr jeden Haartyp.\" \/>\n<meta property=\"og:url\" content=\"https:\/\/www.haarstudio-alena.de\/ru\/produkt\/mizellen-tuecher-50-stueck\/\" \/>\n<meta property=\"og:site_name\" content=\"Haarstudio Alena\" \/>\n<meta property=\"article:publisher\" content=\"https:\/\/www.facebook.com\/haarstudioalena\/?locale=de_DE\" \/>\n<meta property=\"article:modified_time\" content=\"2026-04-11T19:45:35+00:00\" \/>\n<meta property=\"og:image\" content=\"https:\/\/www.haarstudio-alena.de\/wp-content\/uploads\/2026\/04\/IMG_9761-\u0432\u043e\u0441\u0441\u0442\u0430\u043d\u043e\u0432\u043b\u0435\u043d\u043e-scaled.jpg\" \/>\n\t<meta property=\"og:image:width\" content=\"1707\" \/>\n\t<meta property=\"og:image:height\" content=\"2560\" \/>\n\t<meta property=\"og:image:type\" content=\"image\/jpeg\" \/>\n<meta name=\"twitter:card\" content=\"summary_large_image\" \/>\n<meta name=\"twitter:label1\" content=\"\u041f\u0440\u0438\u043c\u0435\u0440\u043d\u043e\u0435 \u0432\u0440\u0435\u043c\u044f \u0434\u043b\u044f \u0447\u0442\u0435\u043d\u0438\u044f\" \/>\n\t<meta name=\"twitter:data1\" content=\"2 \u043c\u0438\u043d\u0443\u0442\u044b\" \/>\n<script type=\"application\/ld+json\" class=\"yoast-schema-graph\">{\"@context\":\"https:\/\/schema.org\",\"@graph\":[{\"@type\":\"WebPage\",\"@id\":\"https:\/\/www.haarstudio-alena.de\/ru\/produkt\/mizellen-tuecher-50-stueck\/\",\"url\":\"https:\/\/www.haarstudio-alena.de\/ru\/produkt\/mizellen-tuecher-50-stueck\/\",\"name\":\"MIZELLEN T\u00dcCHER \u2013 50 ST\u00dcCK - Haarstudio Alena\",\"isPartOf\":{\"@id\":\"https:\/\/www.haarstudio-alena.de\/ru\/#website\"},\"primaryImageOfPage\":{\"@id\":\"https:\/\/www.haarstudio-alena.de\/ru\/produkt\/mizellen-tuecher-50-stueck\/#primaryimage\"},\"image\":{\"@id\":\"https:\/\/www.haarstudio-alena.de\/ru\/produkt\/mizellen-tuecher-50-stueck\/#primaryimage\"},\"thumbnailUrl\":\"https:\/\/www.haarstudio-alena.de\/wp-content\/uploads\/2026\/04\/IMG_9761-\u0432\u043e\u0441\u0441\u0442\u0430\u043d\u043e\u0432\u043b\u0435\u043d\u043e-scaled.jpg\",\"datePublished\":\"2026-04-11T19:42:26+00:00\",\"dateModified\":\"2026-04-11T19:45:35+00:00\",\"description\":\"Verw\u00f6hnen Sie Ihr Haar mit unserem MIZELLEN T\u00dcCHER \u2013 50 ST\u00dcCK \u2013 f\u00fcr seidige Geschmeidigkeit und strahlenden Glanz. Perfekte Pflege f\u00fcr jeden Haartyp.\",\"breadcrumb\":{\"@id\":\"https:\/\/www.haarstudio-alena.de\/ru\/produkt\/mizellen-tuecher-50-stueck\/#breadcrumb\"},\"inLanguage\":\"ru-RU\",\"potentialAction\":[{\"@type\":\"ReadAction\",\"target\":[\"https:\/\/www.haarstudio-alena.de\/ru\/produkt\/mizellen-tuecher-50-stueck\/\"]}]},{\"@type\":\"ImageObject\",\"inLanguage\":\"ru-RU\",\"@id\":\"https:\/\/www.haarstudio-alena.de\/ru\/produkt\/mizellen-tuecher-50-stueck\/#primaryimage\",\"url\":\"https:\/\/www.haarstudio-alena.de\/wp-content\/uploads\/2026\/04\/IMG_9761-\u0432\u043e\u0441\u0441\u0442\u0430\u043d\u043e\u0432\u043b\u0435\u043d\u043e-scaled.jpg\",\"contentUrl\":\"https:\/\/www.haarstudio-alena.de\/wp-content\/uploads\/2026\/04\/IMG_9761-\u0432\u043e\u0441\u0441\u0442\u0430\u043d\u043e\u0432\u043b\u0435\u043d\u043e-scaled.jpg\",\"width\":1707,\"height\":2560},{\"@type\":\"BreadcrumbList\",\"@id\":\"https:\/\/www.haarstudio-alena.de\/ru\/produkt\/mizellen-tuecher-50-stueck\/#breadcrumb\",\"itemListElement\":[{\"@type\":\"ListItem\",\"position\":1,\"name\":\"Startseite\",\"item\":\"https:\/\/www.haarstudio-alena.de\/ru\/\"},{\"@type\":\"ListItem\",\"position\":2,\"name\":\"Shop\",\"item\":\"https:\/\/www.haarstudio-alena.de\/ru\/shop-2\/\"},{\"@type\":\"ListItem\",\"position\":3,\"name\":\"MIZELLEN T\u00dcCHER \u2013 50 ST\u00dcCK\"}]},{\"@type\":\"WebSite\",\"@id\":\"https:\/\/www.haarstudio-alena.de\/ru\/#website\",\"url\":\"https:\/\/www.haarstudio-alena.de\/ru\/\",\"name\":\"Haarstudio Alena\",\"description\":\"Ihr Friseur in Heidelberg Kirchheim\",\"publisher\":{\"@id\":\"https:\/\/www.haarstudio-alena.de\/ru\/#organization\"},\"potentialAction\":[{\"@type\":\"SearchAction\",\"target\":{\"@type\":\"EntryPoint\",\"urlTemplate\":\"https:\/\/www.haarstudio-alena.de\/ru\/?s={search_term_string}\"},\"query-input\":{\"@type\":\"PropertyValueSpecification\",\"valueRequired\":true,\"valueName\":\"search_term_string\"}}],\"inLanguage\":\"ru-RU\"},{\"@type\":\"Organization\",\"@id\":\"https:\/\/www.haarstudio-alena.de\/ru\/#organization\",\"name\":\"Haarstudio Alena\",\"url\":\"https:\/\/www.haarstudio-alena.de\/ru\/\",\"logo\":{\"@type\":\"ImageObject\",\"inLanguage\":\"ru-RU\",\"@id\":\"https:\/\/www.haarstudio-alena.de\/ru\/#\/schema\/logo\/image\/\",\"url\":\"https:\/\/www.haarstudio-alena.de\/wp-content\/uploads\/2023\/09\/Haarstudio-Alena-Heidelberg-Kirchheim-Friseur.png\",\"contentUrl\":\"https:\/\/www.haarstudio-alena.de\/wp-content\/uploads\/2023\/09\/Haarstudio-Alena-Heidelberg-Kirchheim-Friseur.png\",\"width\":400,\"height\":400,\"caption\":\"Haarstudio Alena\"},\"image\":{\"@id\":\"https:\/\/www.haarstudio-alena.de\/ru\/#\/schema\/logo\/image\/\"},\"sameAs\":[\"https:\/\/www.facebook.com\/haarstudioalena\/?locale=de_DE\",\"https:\/\/www.instagram.com\/haarstudioalena\/?hl=de\"]}]}<\/script>\n<!-- \/ Yoast SEO plugin. -->","yoast_head_json":{"title":"MIZELLEN T\u00dcCHER \u2013 50 ST\u00dcCK - Haarstudio Alena","description":"Verw\u00f6hnen Sie Ihr Haar mit unserem MIZELLEN T\u00dcCHER \u2013 50 ST\u00dcCK \u2013 f\u00fcr seidige Geschmeidigkeit und strahlenden Glanz. Perfekte Pflege f\u00fcr jeden Haartyp.","robots":{"index":"index","follow":"follow","max-snippet":"max-snippet:-1","max-image-preview":"max-image-preview:large","max-video-preview":"max-video-preview:-1"},"canonical":"https:\/\/www.haarstudio-alena.de\/ru\/produkt\/mizellen-tuecher-50-stueck\/","og_locale":"ru_RU","og_type":"article","og_title":"MIZELLEN T\u00dcCHER \u2013 50 ST\u00dcCK - Haarstudio Alena","og_description":"Verw\u00f6hnen Sie Ihr Haar mit unserem MIZELLEN T\u00dcCHER \u2013 50 ST\u00dcCK \u2013 f\u00fcr seidige Geschmeidigkeit und strahlenden Glanz. Perfekte Pflege f\u00fcr jeden Haartyp.","og_url":"https:\/\/www.haarstudio-alena.de\/ru\/produkt\/mizellen-tuecher-50-stueck\/","og_site_name":"Haarstudio Alena","article_publisher":"https:\/\/www.facebook.com\/haarstudioalena\/?locale=de_DE","article_modified_time":"2026-04-11T19:45:35+00:00","og_image":[{"width":1707,"height":2560,"url":"https:\/\/www.haarstudio-alena.de\/wp-content\/uploads\/2026\/04\/IMG_9761-\u0432\u043e\u0441\u0441\u0442\u0430\u043d\u043e\u0432\u043b\u0435\u043d\u043e-scaled.jpg","type":"image\/jpeg"}],"twitter_card":"summary_large_image","twitter_misc":{"\u041f\u0440\u0438\u043c\u0435\u0440\u043d\u043e\u0435 \u0432\u0440\u0435\u043c\u044f \u0434\u043b\u044f \u0447\u0442\u0435\u043d\u0438\u044f":"2 \u043c\u0438\u043d\u0443\u0442\u044b"},"schema":{"@context":"https:\/\/schema.org","@graph":[{"@type":"WebPage","@id":"https:\/\/www.haarstudio-alena.de\/ru\/produkt\/mizellen-tuecher-50-stueck\/","url":"https:\/\/www.haarstudio-alena.de\/ru\/produkt\/mizellen-tuecher-50-stueck\/","name":"MIZELLEN T\u00dcCHER \u2013 50 ST\u00dcCK - Haarstudio Alena","isPartOf":{"@id":"https:\/\/www.haarstudio-alena.de\/ru\/#website"},"primaryImageOfPage":{"@id":"https:\/\/www.haarstudio-alena.de\/ru\/produkt\/mizellen-tuecher-50-stueck\/#primaryimage"},"image":{"@id":"https:\/\/www.haarstudio-alena.de\/ru\/produkt\/mizellen-tuecher-50-stueck\/#primaryimage"},"thumbnailUrl":"https:\/\/www.haarstudio-alena.de\/wp-content\/uploads\/2026\/04\/IMG_9761-\u0432\u043e\u0441\u0441\u0442\u0430\u043d\u043e\u0432\u043b\u0435\u043d\u043e-scaled.jpg","datePublished":"2026-04-11T19:42:26+00:00","dateModified":"2026-04-11T19:45:35+00:00","description":"Verw\u00f6hnen Sie Ihr Haar mit unserem MIZELLEN T\u00dcCHER \u2013 50 ST\u00dcCK \u2013 f\u00fcr seidige Geschmeidigkeit und strahlenden Glanz. Perfekte Pflege f\u00fcr jeden Haartyp.","breadcrumb":{"@id":"https:\/\/www.haarstudio-alena.de\/ru\/produkt\/mizellen-tuecher-50-stueck\/#breadcrumb"},"inLanguage":"ru-RU","potentialAction":[{"@type":"ReadAction","target":["https:\/\/www.haarstudio-alena.de\/ru\/produkt\/mizellen-tuecher-50-stueck\/"]}]},{"@type":"ImageObject","inLanguage":"ru-RU","@id":"https:\/\/www.haarstudio-alena.de\/ru\/produkt\/mizellen-tuecher-50-stueck\/#primaryimage","url":"https:\/\/www.haarstudio-alena.de\/wp-content\/uploads\/2026\/04\/IMG_9761-\u0432\u043e\u0441\u0441\u0442\u0430\u043d\u043e\u0432\u043b\u0435\u043d\u043e-scaled.jpg","contentUrl":"https:\/\/www.haarstudio-alena.de\/wp-content\/uploads\/2026\/04\/IMG_9761-\u0432\u043e\u0441\u0441\u0442\u0430\u043d\u043e\u0432\u043b\u0435\u043d\u043e-scaled.jpg","width":1707,"height":2560},{"@type":"BreadcrumbList","@id":"https:\/\/www.haarstudio-alena.de\/ru\/produkt\/mizellen-tuecher-50-stueck\/#breadcrumb","itemListElement":[{"@type":"ListItem","position":1,"name":"Startseite","item":"https:\/\/www.haarstudio-alena.de\/ru\/"},{"@type":"ListItem","position":2,"name":"Shop","item":"https:\/\/www.haarstudio-alena.de\/ru\/shop-2\/"},{"@type":"ListItem","position":3,"name":"MIZELLEN T\u00dcCHER \u2013 50 ST\u00dcCK"}]},{"@type":"WebSite","@id":"https:\/\/www.haarstudio-alena.de\/ru\/#website","url":"https:\/\/www.haarstudio-alena.de\/ru\/","name":"Haarstudio Alena","description":"Ihr Friseur in Heidelberg Kirchheim","publisher":{"@id":"https:\/\/www.haarstudio-alena.de\/ru\/#organization"},"potentialAction":[{"@type":"SearchAction","target":{"@type":"EntryPoint","urlTemplate":"https:\/\/www.haarstudio-alena.de\/ru\/?s={search_term_string}"},"query-input":{"@type":"PropertyValueSpecification","valueRequired":true,"valueName":"search_term_string"}}],"inLanguage":"ru-RU"},{"@type":"Organization","@id":"https:\/\/www.haarstudio-alena.de\/ru\/#organization","name":"Haarstudio Alena","url":"https:\/\/www.haarstudio-alena.de\/ru\/","logo":{"@type":"ImageObject","inLanguage":"ru-RU","@id":"https:\/\/www.haarstudio-alena.de\/ru\/#\/schema\/logo\/image\/","url":"https:\/\/www.haarstudio-alena.de\/wp-content\/uploads\/2023\/09\/Haarstudio-Alena-Heidelberg-Kirchheim-Friseur.png","contentUrl":"https:\/\/www.haarstudio-alena.de\/wp-content\/uploads\/2023\/09\/Haarstudio-Alena-Heidelberg-Kirchheim-Friseur.png","width":400,"height":400,"caption":"Haarstudio Alena"},"image":{"@id":"https:\/\/www.haarstudio-alena.de\/ru\/#\/schema\/logo\/image\/"},"sameAs":["https:\/\/www.facebook.com\/haarstudioalena\/?locale=de_DE","https:\/\/www.instagram.com\/haarstudioalena\/?hl=de"]}]}},"_links":{"self":[{"href":"https:\/\/www.haarstudio-alena.de\/ru\/wp-json\/wp\/v2\/product\/16655","targetHints":{"allow":["GET"]}}],"collection":[{"href":"https:\/\/www.haarstudio-alena.de\/ru\/wp-json\/wp\/v2\/product"}],"about":[{"href":"https:\/\/www.haarstudio-alena.de\/ru\/wp-json\/wp\/v2\/types\/product"}],"replies":[{"embeddable":true,"href":"https:\/\/www.haarstudio-alena.de\/ru\/wp-json\/wp\/v2\/comments?post=16655"}],"version-history":[{"count":2,"href":"https:\/\/www.haarstudio-alena.de\/ru\/wp-json\/wp\/v2\/product\/16655\/revisions"}],"predecessor-version":[{"id":16659,"href":"https:\/\/www.haarstudio-alena.de\/ru\/wp-json\/wp\/v2\/product\/16655\/revisions\/16659"}],"wp:featuredmedia":[{"embeddable":true,"href":"https:\/\/www.haarstudio-alena.de\/ru\/wp-json\/wp\/v2\/media\/16657"}],"wp:attachment":[{"href":"https:\/\/www.haarstudio-alena.de\/ru\/wp-json\/wp\/v2\/media?parent=16655"}],"wp:term":[{"taxonomy":"product_brand","embeddable":true,"href":"https:\/\/www.haarstudio-alena.de\/ru\/wp-json\/wp\/v2\/product_brand?post=16655"},{"taxonomy":"product_cat","embeddable":true,"href":"https:\/\/www.haarstudio-alena.de\/ru\/wp-json\/wp\/v2\/product_cat?post=16655"},{"taxonomy":"product_tag","embeddable":true,"href":"https:\/\/www.haarstudio-alena.de\/ru\/wp-json\/wp\/v2\/product_tag?post=16655"}],"curies":[{"name":"wp","href":"https:\/\/api.w.org\/{rel}","templated":true}]}}